{"id":1346,"date":"2023-06-24T11:41:28","date_gmt":"2023-06-24T14:41:28","guid":{"rendered":"https:\/\/lidertecsa.com.ar\/catalogo\/?post_type=product&#038;p=1346"},"modified":"2024-12-13T16:31:50","modified_gmt":"2024-12-13T19:31:50","slug":"taladro-inalambrico-en-kit-te-cd-18-40-li-69-1x25-ah","status":"publish","type":"product","link":"https:\/\/lidertecsa.com.ar\/catalogo\/producto\/taladro-inalambrico-en-kit-te-cd-18-40-li-69-1x25-ah\/","title":{"rendered":"Taladro Inalambrico en Kit TE-CD 18\/40 Li +69 (1&#215;2,5 Ah)"},"content":{"rendered":"<div id=\"description\" class=\"section-row -padded-wide--mod-top-only -in-viewport\" data-anchornav=\"Artikelbeschreibung\">\n<div class=\"col-wrapper -max-width-limited\">\n<div class=\"content-item module-description\">\n<div class=\"description-wrapper\">\n<div class=\"col-two\">\n<div class=\"description__content\">\n<p>El juego de taladros inal\u00e1mbricos Einhell TE-CD 18\/40 Li +69 (1&#215;2.5 Ah) es un ayudante flexible para atornillar y taladrar. El taladro inal\u00e1mbrico es una herramienta multifuncional compacta, potente y vers\u00e1til. Gracias a la tecnolog\u00eda de bater\u00eda de \u00faltima generaci\u00f3n de la potente serie de iones de litio Power X-Change, el trabajo de perforaci\u00f3n ligera, por ejemplo, en madera, no es un problema para un taladro inal\u00e1mbrico. Como miembro de la familia Power X-Change, cualquier bater\u00eda de la serie de sistemas se puede combinar con el taladro. En la entrega se incluye una bater\u00eda PXC de 2,5 Ah y un cargador r\u00e1pido. La bater\u00eda tambi\u00e9n es universalmente adecuada para todos los dispositivos PXC. Gracias a la tecnolog\u00eda Li-Ion, las bater\u00edas siempre est\u00e1n listas para su uso sin autodescarga. La potencia del taladro se convierte en una caja de engranajes de 2 velocidades para una perforaci\u00f3n potente y un atornillado r\u00e1pido. La electr\u00f3nica de velocidad garantiza que el material y el trabajo espec\u00edfico de la aplicaci\u00f3n se lleven a cabo con toda su potencia. El trabajo \u00f3ptimo en \u00e1reas oscuras est\u00e1 garantizado por la iluminaci\u00f3n LED para iluminar el \u00e1rea de trabajo. El dise\u00f1o ergon\u00f3mico y el agarre suave ofrecen un alto nivel de maniobrabilidad y f\u00e1cil manejo. La entrega se realiza en un pr\u00e1ctico estuche con su propio compartimento para los accesorios de 69 piezas, que tambi\u00e9n est\u00e1n incluidos en el volumen de entrega, lo que permite un r\u00e1pido inicio al trabajo.<\/p>\n<\/div>\n<\/div>\n<\/div>\n<\/div>\n<\/div>\n<\/div>\n<div id=\"technical-details\" class=\"section-row -padded-wide--mod-top-only -in-viewport\" data-anchornav=\"Technische Daten\">\n<div class=\"col-wrapper -max-width-limited -decrease-width\">\n<div class=\"col\">\n<div class=\"content-item module-headline-paragraph headline paragraph -color-headline-black\">\n<h2 class=\"heading delta\">Caracter\u00edsticas t\u00e9cnicas<\/h2>\n<\/div>\n<div class=\"content-item module-table -styling-beta\">\n<table class=\"table__table\">\n<tbody>\n<tr class=\"-show tr-odd\">\n<td><span class=\"bold\">N\u00famero de bater\u00edas incluidas<\/span><\/td>\n<td>1 piezas<\/td>\n<\/tr>\n<tr class=\"-show tr-even\">\n<td><span class=\"bold\">N\u00famero de cargadores incluidos<\/span><\/td>\n<td>1 piezas<\/td>\n<\/tr>\n<tr class=\"-show tr-odd\">\n<td><span class=\"bold\">Par (duro)<\/span><\/td>\n<td>40 Nm<\/td>\n<\/tr>\n<tr class=\"-show tr-even\">\n<td><span class=\"bold\">Etapas de ajuste de par<\/span><\/td>\n<td>21<\/td>\n<\/tr>\n<tr class=\"-show tr-odd\">\n<td><span class=\"bold\">Capacidad m\u00e1xima del mandril de perforaci\u00f3n<\/span><\/td>\n<td>13 mm<\/td>\n<\/tr>\n<tr class=\"-show tr-even\">\n<td><span class=\"bold\">Mandril de perforaci\u00f3n de capacidad m\u00ednima<\/span><\/td>\n<td>1,5 mm<\/td>\n<\/tr>\n<tr class=\"-show tr-odd\">\n<td><span class=\"bold\">Voltaje del motor<\/span><\/td>\n<td>18 V<\/td>\n<\/tr>\n<tr class=\"-show tr-even\">\n<td><span class=\"bold\">Motor<\/span><\/td>\n<td>Motor cepillado<\/td>\n<\/tr>\n<tr class=\"-show tr-odd\">\n<td><span class=\"bold\">Peso del producto<\/span><\/td>\n<td>1,55 kg<\/td>\n<\/tr>\n<\/tbody>\n<\/table>\n<\/div>\n<\/div>\n<\/div>\n<\/div>\n","protected":false},"excerpt":{"rendered":"<ul>\n<li class=\" meta\">Miembro de la familia Power X-Change<\/li>\n<li class=\" meta\">Caja de engranajes de 2 velocidades para taladrar y atornillar potentes<\/li>\n<li class=\" meta\">Electr\u00f3nica de velocidad para trabajos espec\u00edficos de materiales y aplicaciones<\/li>\n<li class=\" meta\">Siempre listo para su uso gracias a la tecnolog\u00eda Li-Ion sin autodescarga<\/li>\n<li class=\" meta\">Trabajo \u00f3ptimo en zonas oscuras gracias a la iluminaci\u00f3n LED<\/li>\n<li class=\"meta\">M\u00e1xima maniobrabilidad gracias a su dise\u00f1o ergon\u00f3mico y agarre suave<\/li>\n<li class=\"meta\">Se suministra con una bater\u00eda PXC de 2,5 Ah y un cargador r\u00e1pido<\/li>\n<li class=\"meta\">Se suministra en un pr\u00e1ctico estuche con accesorios de 69 piezas<\/li>\n<\/ul>\n","protected":false},"featured_media":1347,"template":"","meta":{"_joinchat":[]},"product_cat":[50],"product_tag":[57],"class_list":{"0":"post-1346","1":"product","2":"type-product","3":"status-publish","4":"has-post-thumbnail","6":"product_cat-herramientas-a-bateria","7":"product_tag-taladro-a-bateria","9":"first","10":"instock","11":"taxable","12":"shipping-taxable","13":"product-type-simple"},"_links":{"self":[{"href":"https:\/\/lidertecsa.com.ar\/catalogo\/wp-json\/wp\/v2\/product\/1346"}],"collection":[{"href":"https:\/\/lidertecsa.com.ar\/catalogo\/wp-json\/wp\/v2\/product"}],"about":[{"href":"https:\/\/lidertecsa.com.ar\/catalogo\/wp-json\/wp\/v2\/types\/product"}],"wp:featuredmedia":[{"embeddable":true,"href":"https:\/\/lidertecsa.com.ar\/catalogo\/wp-json\/wp\/v2\/media\/1347"}],"wp:attachment":[{"href":"https:\/\/lidertecsa.com.ar\/catalogo\/wp-json\/wp\/v2\/media?parent=1346"}],"wp:term":[{"taxonomy":"product_cat","embeddable":true,"href":"https:\/\/lidertecsa.com.ar\/catalogo\/wp-json\/wp\/v2\/product_cat?post=1346"},{"taxonomy":"product_tag","embeddable":true,"href":"https:\/\/lidertecsa.com.ar\/catalogo\/wp-json\/wp\/v2\/product_tag?post=1346"}],"curies":[{"name":"wp","href":"https:\/\/api.w.org\/{rel}","templated":true}]}}