{"id":11731,"date":"2026-01-20T11:36:47","date_gmt":"2026-01-20T14:36:47","guid":{"rendered":"https:\/\/lidertecsa.com.ar\/catalogo\/?post_type=product&#038;p=11731"},"modified":"2026-01-21T09:16:37","modified_gmt":"2026-01-21T12:16:37","slug":"termofusora-stanley-1500w-con-control-de-temperatura-sxh1530","status":"publish","type":"product","link":"https:\/\/lidertecsa.com.ar\/catalogo\/producto\/termofusora-stanley-1500w-con-control-de-temperatura-sxh1530\/","title":{"rendered":"Termofusora Stanley 1500w con Control de Temperatura SXH1530"},"content":{"rendered":"<p><span class=\"citation-77\">La termofusora <\/span><b data-path-to-node=\"0\" data-index-in-node=\"15\"><span class=\"citation-77\">Stanley SXH1530<\/span><\/b><span class=\"citation-77\"> es una herramienta esencial para instalaciones sanitarias y de gas, equipada con un potente motor de <\/span><b data-path-to-node=\"0\" data-index-in-node=\"132\"><span class=\"citation-77\">1.500 W<\/span><\/b><span class=\"citation-77 citation-end-77\"> que garantiza un calentamiento r\u00e1pido y estable de las piezas.<\/span> <span class=\"citation-76\">Este modelo destaca por su gran versatilidad, ya que incluye un set completo de <\/span><b data-path-to-node=\"0\" data-index-in-node=\"283\"><span class=\"citation-76\">6 boquillas<\/span><\/b><span class=\"citation-76\"> de tefl\u00f3n con di\u00e1metros que van desde los <\/span><b data-path-to-node=\"0\" data-index-in-node=\"337\"><span class=\"citation-76\">20 mm hasta los 63 mm<\/span><\/b><span class=\"citation-76 citation-end-76\">, cubriendo las medidas m\u00e1s comunes en tuber\u00edas de polipropileno.<\/span> <span class=\"citation-75\">El equipo est\u00e1 dise\u00f1ado para trabajar con voltajes de 220V y viene presentado en un <\/span><b data-path-to-node=\"0\" data-index-in-node=\"508\"><span class=\"citation-75\">estuche met\u00e1lico<\/span><\/b><span class=\"citation-75 citation-end-75\"> que facilita el transporte y protege los accesorios de posibles golpes en la obra.<\/span> Su construcci\u00f3n robusta permite realizar uniones seguras y herm\u00e9ticas por termofusi\u00f3n, asegurando la durabilidad de las conexiones en sistemas de distribuci\u00f3n de agua. Gracias a su amplio rango de boquillas y potencia, es la opci\u00f3n ideal para profesionales que buscan una herramienta confiable para proyectos de mediana y gran escala.<\/p>\n","protected":false},"excerpt":{"rendered":"<p>Termofusora Stanley 1500W con Control de Temperatura SXH1530<\/p>\n","protected":false},"featured_media":11732,"template":"","meta":{"_joinchat":[]},"product_cat":[1576],"product_tag":[],"class_list":{"0":"post-11731","1":"product","2":"type-product","3":"status-publish","4":"has-post-thumbnail","6":"product_cat-herramientas-electricas-stanley","8":"first","9":"instock","10":"taxable","11":"shipping-taxable","12":"product-type-simple"},"_links":{"self":[{"href":"https:\/\/lidertecsa.com.ar\/catalogo\/wp-json\/wp\/v2\/product\/11731"}],"collection":[{"href":"https:\/\/lidertecsa.com.ar\/catalogo\/wp-json\/wp\/v2\/product"}],"about":[{"href":"https:\/\/lidertecsa.com.ar\/catalogo\/wp-json\/wp\/v2\/types\/product"}],"wp:featuredmedia":[{"embeddable":true,"href":"https:\/\/lidertecsa.com.ar\/catalogo\/wp-json\/wp\/v2\/media\/11732"}],"wp:attachment":[{"href":"https:\/\/lidertecsa.com.ar\/catalogo\/wp-json\/wp\/v2\/media?parent=11731"}],"wp:term":[{"taxonomy":"product_cat","embeddable":true,"href":"https:\/\/lidertecsa.com.ar\/catalogo\/wp-json\/wp\/v2\/product_cat?post=11731"},{"taxonomy":"product_tag","embeddable":true,"href":"https:\/\/lidertecsa.com.ar\/catalogo\/wp-json\/wp\/v2\/product_tag?post=11731"}],"curies":[{"name":"wp","href":"https:\/\/api.w.org\/{rel}","templated":true}]}}