{"id":11703,"date":"2026-01-20T10:09:21","date_gmt":"2026-01-20T13:09:21","guid":{"rendered":"https:\/\/lidertecsa.com.ar\/catalogo\/?post_type=product&#038;p=11703"},"modified":"2026-01-20T10:09:21","modified_gmt":"2026-01-20T13:09:21","slug":"lijadora-roto-orbital-stanley-50hz-300w-ss30","status":"publish","type":"product","link":"https:\/\/lidertecsa.com.ar\/catalogo\/producto\/lijadora-roto-orbital-stanley-50hz-300w-ss30\/","title":{"rendered":"Lijadora Roto Orbital Stanley 50Hz 300W SS30"},"content":{"rendered":"<p>DETALLE DEL PRODUCTO: &#8211; Lijadora roto orbital Stanley 5 pulgadas SS30 equipada con un potente motor de 300 watts para una tasa de remoci\u00f3n \u00f3ptima en diferentes aplicaciones gracias a su dise\u00f1o compacto con menor altura para dar mejor balance y control. &#8211; Velocidad variable de 0 &#8211; 13000 \/min con vibraci\u00f3n extremadamente baja para brindar un resultado de lijado \u00f3ptimo al usuario final, adem\u00e1s de superficies de agarre de goma para un manejo c\u00f3modo y sistema de extracci\u00f3n de polvo para un mejor entorno de trabajo.<br \/>\nDATOS T\u00c9CNICOS: &#8211; Marca: STANLEY &#8211; Modelo: SS30 &#8211; Alimentaci\u00f3n: 220 V &#8211; Monof\u00e1sica &#8211; Potencia: 300 Watts &#8211; Base de velcro: 5 pulgadas &#8211; 127 mm &#8211; Velocidad: 13000 Opm &#8211; Bolsa de recolecci\u00f3n: &#8211; 1 Hoja de lija &#8211; Interruptor herm\u00e9tico para evitar la entrada de polvo &#8211; Peso aproximado: 1,5 Kilos &#8211; Apta para lijar: Maderas y metales &#8211; No utilizar en lijado de pared, durlock u otros materiales de construcci\u00f3n.<\/p>\n","protected":false},"excerpt":{"rendered":"<p>Lijadora Roto Orbital Stanley 50Hz 300W SS30<\/p>\n","protected":false},"featured_media":11704,"template":"","meta":{"_joinchat":[]},"product_cat":[1576],"product_tag":[],"class_list":{"0":"post-11703","1":"product","2":"type-product","3":"status-publish","4":"has-post-thumbnail","6":"product_cat-herramientas-electricas-stanley","8":"first","9":"instock","10":"taxable","11":"shipping-taxable","12":"product-type-simple"},"_links":{"self":[{"href":"https:\/\/lidertecsa.com.ar\/catalogo\/wp-json\/wp\/v2\/product\/11703"}],"collection":[{"href":"https:\/\/lidertecsa.com.ar\/catalogo\/wp-json\/wp\/v2\/product"}],"about":[{"href":"https:\/\/lidertecsa.com.ar\/catalogo\/wp-json\/wp\/v2\/types\/product"}],"wp:featuredmedia":[{"embeddable":true,"href":"https:\/\/lidertecsa.com.ar\/catalogo\/wp-json\/wp\/v2\/media\/11704"}],"wp:attachment":[{"href":"https:\/\/lidertecsa.com.ar\/catalogo\/wp-json\/wp\/v2\/media?parent=11703"}],"wp:term":[{"taxonomy":"product_cat","embeddable":true,"href":"https:\/\/lidertecsa.com.ar\/catalogo\/wp-json\/wp\/v2\/product_cat?post=11703"},{"taxonomy":"product_tag","embeddable":true,"href":"https:\/\/lidertecsa.com.ar\/catalogo\/wp-json\/wp\/v2\/product_tag?post=11703"}],"curies":[{"name":"wp","href":"https:\/\/api.w.org\/{rel}","templated":true}]}}