{"id":117,"date":"2023-06-07T18:09:56","date_gmt":"2023-06-07T21:09:56","guid":{"rendered":"https:\/\/lidertecsa.com.ar\/catalogo\/?post_type=product&#038;p=117"},"modified":"2024-12-13T16:30:23","modified_gmt":"2024-12-13T19:30:23","slug":"llave-impacto-impaxxo-18-400","status":"publish","type":"product","link":"https:\/\/lidertecsa.com.ar\/catalogo\/producto\/llave-impacto-impaxxo-18-400\/","title":{"rendered":"Llave Impacto Inal\u00e1mbrica &#8211; IMPAXXO 18\/400"},"content":{"rendered":"<p>La llave de impacto inal\u00e1mbrica Einhell Professional IMPAXXO 18\/400 atornilla sin esfuerzo tornillos grandes o largos y, a diferencia de los taladros de impacto, protege las juntas del comerciante durante el uso. Como miembro de la familia Power X-Change, cualquier bater\u00eda de la serie de sistemas de alta calidad se puede combinar con la llave de impacto. Una llave de impacto inal\u00e1mbrica es adecuada para una variedad de aplicaciones en la casa, el taller y especialmente en el garaje. La herramienta es accionada por el motor sin escobillas Einhell PurePOWER. Este motor sin escobillas ofrece m\u00e1s potencia y un tiempo de funcionamiento m\u00e1s largo que los motores de escobillas de carb\u00f3n convencionales. Despu\u00e9s de un registro en l\u00ednea, se aplica una garant\u00eda de 10 a\u00f1os al motor sin escobillas. El alto par permite un f\u00e1cil aflojamiento de las tuercas de las ruedas. Mediante tres etapas, la velocidad de la aplicaci\u00f3n se puede ajustar de manera \u00f3ptima. La llave de impacto inal\u00e1mbrica tiene un robusto soporte cuadrado exterior de 1\/2&#8243; y una luz LED para una iluminaci\u00f3n \u00f3ptima del \u00e1rea de trabajo. En la entrega se incluye un adaptador de broca para atornillar y un pr\u00e1ctico juego de tuercas para cambiar los neum\u00e1ticos del autom\u00f3vil. La entrega se realiza sin bater\u00eda y sin cargador. Estos est\u00e1n disponibles por separado, por ejemplo, como un conjunto de inicio en diferentes tama\u00f1os.<\/p>\n","protected":false},"excerpt":{"rendered":"<div class=\"headline-wrapper\">\n<h2 class=\"heading delta\"><\/h2>\n<ul>\n<li class=\" meta\">Miembro de la familia Power X-Change, se requiere 1 bater\u00eda de 18 V<\/li>\n<li class=\" meta\">Motor sin escobillas: m\u00e1s potencia y mayor autonom\u00eda<\/li>\n<li class=\" meta\">PurePOWER Brushless: garant\u00eda del motor de 10 a\u00f1os despu\u00e9s del registro<\/li>\n<li class=\" meta\">Alto par para un f\u00e1cil aflojamiento de las tuercas de la rueda<\/li>\n<li class=\" meta\">Robusto montaje cuadrado exterior de 1\/2&#8243;<\/li>\n<li class=\"meta\">Incluye luz LED para iluminar el \u00e1rea de trabajo<\/li>\n<li class=\"meta\">3 etapas para un ajuste \u00f3ptimo del par y la velocidad<\/li>\n<li class=\"meta\">Incluye adaptador de broca para atornillar<\/li>\n<li class=\"meta\">Incluye pr\u00e1ctico juego de tuercas para cambiar neum\u00e1ticos de coche<\/li>\n<li class=\"meta\">Se suministra sin bater\u00eda y sin cargador (se vende por separado)<\/li>\n<\/ul>\n<\/div>\n","protected":false},"featured_media":118,"template":"","meta":{"_joinchat":[]},"product_cat":[50],"product_tag":[52],"class_list":{"0":"post-117","1":"product","2":"type-product","3":"status-publish","4":"has-post-thumbnail","6":"product_cat-herramientas-a-bateria","7":"product_tag-llave-de-impacto","9":"first","10":"instock","11":"product-type-simple"},"_links":{"self":[{"href":"https:\/\/lidertecsa.com.ar\/catalogo\/wp-json\/wp\/v2\/product\/117"}],"collection":[{"href":"https:\/\/lidertecsa.com.ar\/catalogo\/wp-json\/wp\/v2\/product"}],"about":[{"href":"https:\/\/lidertecsa.com.ar\/catalogo\/wp-json\/wp\/v2\/types\/product"}],"wp:featuredmedia":[{"embeddable":true,"href":"https:\/\/lidertecsa.com.ar\/catalogo\/wp-json\/wp\/v2\/media\/118"}],"wp:attachment":[{"href":"https:\/\/lidertecsa.com.ar\/catalogo\/wp-json\/wp\/v2\/media?parent=117"}],"wp:term":[{"taxonomy":"product_cat","embeddable":true,"href":"https:\/\/lidertecsa.com.ar\/catalogo\/wp-json\/wp\/v2\/product_cat?post=117"},{"taxonomy":"product_tag","embeddable":true,"href":"https:\/\/lidertecsa.com.ar\/catalogo\/wp-json\/wp\/v2\/product_tag?post=117"}],"curies":[{"name":"wp","href":"https:\/\/api.w.org\/{rel}","templated":true}]}}