{"id":11696,"date":"2026-01-20T09:43:38","date_gmt":"2026-01-20T12:43:38","guid":{"rendered":"https:\/\/lidertecsa.com.ar\/catalogo\/?post_type=product&#038;p=11696"},"modified":"2026-01-20T09:43:38","modified_gmt":"2026-01-20T12:43:38","slug":"amoladora-angular-stanley-115mm-900w-stgs9115","status":"publish","type":"product","link":"https:\/\/lidertecsa.com.ar\/catalogo\/producto\/amoladora-angular-stanley-115mm-900w-stgs9115\/","title":{"rendered":"Amoladora Angular Stanley 115mm 900w STGS9115"},"content":{"rendered":"<p>CARACTER\u00cdSTICAS Y BENEFICIOS: &#8211; Dise\u00f1o que optimiza la salida de flujo de aire para mantener el motor a una temperatura adecuada. &#8211; Bot\u00f3n de bloqueo de eje de gran tama\u00f1o. &#8211; Caja de engranajes compacta que permite trabajar en espacios limitados. &#8211; Cuerpo delgado de 179 mm de contorno. &#8211; Sistema de entrada de aire que limita la entrada de polvo y residuos, prolongando la vida \u00fatil del motor. &#8211; Interruptor de seguridad que requiere dos movimientos para activarse. &#8211; Guarda de protecci\u00f3n robusta para mayor seguridad. &#8211; Empu\u00f1adura con dise\u00f1o antideslizante para un mejor agarre y control.<br \/>\nESPECIFICACIONES: &#8211; Modelo: STGS9115. &#8211; Potencia nominal: 900w. &#8211; Tama\u00f1o del disco: 4-1\/2&#8243; (115 mm). &#8211; Di\u00e1metro de eje: M14. &#8211; Velocidad sin carga: 12.000\/min (rpm). &#8211; Contorno del agarre: 194 mm. &#8211; Longitud del cable: 2.5 m. &#8211; Peso: 1.9 kg.<\/p>\n","protected":false},"excerpt":{"rendered":"<p>Amoladora Angular Stanley 115mm 900w STGS9115<\/p>\n","protected":false},"featured_media":11697,"template":"","meta":{"_joinchat":[]},"product_cat":[1576],"product_tag":[],"class_list":{"0":"post-11696","1":"product","2":"type-product","3":"status-publish","4":"has-post-thumbnail","6":"product_cat-herramientas-electricas-stanley","8":"first","9":"instock","10":"taxable","11":"shipping-taxable","12":"product-type-simple"},"_links":{"self":[{"href":"https:\/\/lidertecsa.com.ar\/catalogo\/wp-json\/wp\/v2\/product\/11696"}],"collection":[{"href":"https:\/\/lidertecsa.com.ar\/catalogo\/wp-json\/wp\/v2\/product"}],"about":[{"href":"https:\/\/lidertecsa.com.ar\/catalogo\/wp-json\/wp\/v2\/types\/product"}],"wp:featuredmedia":[{"embeddable":true,"href":"https:\/\/lidertecsa.com.ar\/catalogo\/wp-json\/wp\/v2\/media\/11697"}],"wp:attachment":[{"href":"https:\/\/lidertecsa.com.ar\/catalogo\/wp-json\/wp\/v2\/media?parent=11696"}],"wp:term":[{"taxonomy":"product_cat","embeddable":true,"href":"https:\/\/lidertecsa.com.ar\/catalogo\/wp-json\/wp\/v2\/product_cat?post=11696"},{"taxonomy":"product_tag","embeddable":true,"href":"https:\/\/lidertecsa.com.ar\/catalogo\/wp-json\/wp\/v2\/product_tag?post=11696"}],"curies":[{"name":"wp","href":"https:\/\/api.w.org\/{rel}","templated":true}]}}