{"id":11694,"date":"2026-01-20T09:38:28","date_gmt":"2026-01-20T12:38:28","guid":{"rendered":"https:\/\/lidertecsa.com.ar\/catalogo\/?post_type=product&#038;p=11694"},"modified":"2026-01-20T09:38:28","modified_gmt":"2026-01-20T12:38:28","slug":"pistola-de-calor-stanley-1800w-stxh2000","status":"publish","type":"product","link":"https:\/\/lidertecsa.com.ar\/catalogo\/producto\/pistola-de-calor-stanley-1800w-stxh2000\/","title":{"rendered":"Pistola De Calor Stanley 1800w STXH2000"},"content":{"rendered":"<p>La Pistola de Calor Stanley 1800 W STXH2000 es una herramienta vers\u00e1til y potente, ideal para diversas aplicaciones en el hogar y el taller. Con una potencia de 1800 W, esta pistola de calor ofrece un ajuste de calor variable, permitiendo seleccionar entre temperaturas que oscilan entre 50 \u00b0C y 600 \u00b0C. Su dise\u00f1o incluye un interruptor de 2 posiciones y dos niveles de flujo de aire, que alcanzan hasta 500 l\/min, facilitando el trabajo en diferentes proyectos. La boquilla esf\u00e9rica proporciona un enfoque preciso del calor, mientras que su color amarillo distintivo asegura que sea f\u00e1cil de localizar en su \u00e1rea de trabajo. Este modelo no es inal\u00e1mbrico y se presenta en condiciones de nuevo, garantizando su durabilidad y rendimiento. Con la Pistola de Calor Stanley, obtendr\u00e1s resultados profesionales en cada uso.<\/p>\n","protected":false},"excerpt":{"rendered":"<p>Pistola De Calor Stanley 1800w STXH2000<\/p>\n","protected":false},"featured_media":11695,"template":"","meta":{"_joinchat":[]},"product_cat":[1576],"product_tag":[],"class_list":{"0":"post-11694","1":"product","2":"type-product","3":"status-publish","4":"has-post-thumbnail","6":"product_cat-herramientas-electricas-stanley","8":"first","9":"instock","10":"taxable","11":"shipping-taxable","12":"product-type-simple"},"_links":{"self":[{"href":"https:\/\/lidertecsa.com.ar\/catalogo\/wp-json\/wp\/v2\/product\/11694"}],"collection":[{"href":"https:\/\/lidertecsa.com.ar\/catalogo\/wp-json\/wp\/v2\/product"}],"about":[{"href":"https:\/\/lidertecsa.com.ar\/catalogo\/wp-json\/wp\/v2\/types\/product"}],"wp:featuredmedia":[{"embeddable":true,"href":"https:\/\/lidertecsa.com.ar\/catalogo\/wp-json\/wp\/v2\/media\/11695"}],"wp:attachment":[{"href":"https:\/\/lidertecsa.com.ar\/catalogo\/wp-json\/wp\/v2\/media?parent=11694"}],"wp:term":[{"taxonomy":"product_cat","embeddable":true,"href":"https:\/\/lidertecsa.com.ar\/catalogo\/wp-json\/wp\/v2\/product_cat?post=11694"},{"taxonomy":"product_tag","embeddable":true,"href":"https:\/\/lidertecsa.com.ar\/catalogo\/wp-json\/wp\/v2\/product_tag?post=11694"}],"curies":[{"name":"wp","href":"https:\/\/api.w.org\/{rel}","templated":true}]}}