{"id":11671,"date":"2026-01-19T11:04:00","date_gmt":"2026-01-19T14:04:00","guid":{"rendered":"https:\/\/lidertecsa.com.ar\/catalogo\/?post_type=product&#038;p=11671"},"modified":"2026-01-19T11:04:01","modified_gmt":"2026-01-19T14:04:01","slug":"amoladora-stanley-115mm-20v-scg400","status":"publish","type":"product","link":"https:\/\/lidertecsa.com.ar\/catalogo\/producto\/amoladora-stanley-115mm-20v-scg400\/","title":{"rendered":"Amoladora Stanley 115mm 20v SCG400"},"content":{"rendered":"<p>La nueva Esmeriladora angular inal\u00e1mbrica 4-1\/2 pulgadas 20 V fue dise\u00f1ada para esmerilar y cortar metal, en mamposter\u00eda utilizar el disco adecuado. Herramienta para trabajos profesionales en el taller o construcci\u00f3n.<br \/>\nDise\u00f1o compacto y liviano para trabajar en \u00e1reas estrechas. *Bot\u00f3n de bloqueo de apagado. *Interruptor de gatillo. *Bloqueo de husillo. *Empu\u00f1adora y guarda protectora.<br \/>\nEspecificaciones: *Modelo: SCG400-B3 *Voltaje: 20V *Velocidad: 900 RPM *Di\u00e1metro del disco: 4-1\/2 pulgadas (115 MM) NO INCLUIDO *Espesor del disco: 6 mm *Medida del eje: 5\/8 Pulg *Peso: 2.2 kg<br \/>\nNO INCLUYE BATER\u00cdA NI CARGADOR.<br \/>\nOrigen: China. -Dimensi\u00f3n de Empaque:13 x 39 x 16 cm. -Peso de Empaque:2.52 kg.<br \/>\nBATERIAS Y CARGADORES COMPATIBLES: Cargadores compatibles: SC125 \/ SC200 \/ SC400 Bater\u00edas compatibles: SB201 \/ SB202 \/ SB204 \/ SB20<\/p>\n","protected":false},"excerpt":{"rendered":"<p>Amoladora Stanley 115mm 20v SCG400<\/p>\n","protected":false},"featured_media":11672,"template":"","meta":{"_joinchat":[]},"product_cat":[1575],"product_tag":[],"class_list":{"0":"post-11671","1":"product","2":"type-product","3":"status-publish","4":"has-post-thumbnail","6":"product_cat-herramientas-inalambricas","8":"first","9":"instock","10":"taxable","11":"shipping-taxable","12":"product-type-simple"},"_links":{"self":[{"href":"https:\/\/lidertecsa.com.ar\/catalogo\/wp-json\/wp\/v2\/product\/11671"}],"collection":[{"href":"https:\/\/lidertecsa.com.ar\/catalogo\/wp-json\/wp\/v2\/product"}],"about":[{"href":"https:\/\/lidertecsa.com.ar\/catalogo\/wp-json\/wp\/v2\/types\/product"}],"wp:featuredmedia":[{"embeddable":true,"href":"https:\/\/lidertecsa.com.ar\/catalogo\/wp-json\/wp\/v2\/media\/11672"}],"wp:attachment":[{"href":"https:\/\/lidertecsa.com.ar\/catalogo\/wp-json\/wp\/v2\/media?parent=11671"}],"wp:term":[{"taxonomy":"product_cat","embeddable":true,"href":"https:\/\/lidertecsa.com.ar\/catalogo\/wp-json\/wp\/v2\/product_cat?post=11671"},{"taxonomy":"product_tag","embeddable":true,"href":"https:\/\/lidertecsa.com.ar\/catalogo\/wp-json\/wp\/v2\/product_tag?post=11671"}],"curies":[{"name":"wp","href":"https:\/\/api.w.org\/{rel}","templated":true}]}}