{"id":11665,"date":"2026-01-19T10:25:56","date_gmt":"2026-01-19T13:25:56","guid":{"rendered":"https:\/\/lidertecsa.com.ar\/catalogo\/?post_type=product&#038;p=11665"},"modified":"2026-01-19T10:25:56","modified_gmt":"2026-01-19T13:25:56","slug":"taladro-percutor-bl-stanley-13mm-60hz-sbd715b","status":"publish","type":"product","link":"https:\/\/lidertecsa.com.ar\/catalogo\/producto\/taladro-percutor-bl-stanley-13mm-60hz-sbd715b\/","title":{"rendered":"Taladro Percutor BL Stanley 13mm 60hz SBD715B"},"content":{"rendered":"<p>Este destornillador\/taladro de impacto forma parte del sistema V20, lo que le permite utilizar la misma bater\u00eda con todas las herramientas nuevas del sistema V20. Ofrece el excelente rendimiento que los profesionales m\u00e1s exigentes necesitan en sus aplicaciones. Los motores Brushless (sin escobillas) no pierden energ\u00eda por fricci\u00f3n o calor, proporcionando m\u00e1s rendimiento, mayor vida \u00fatil y menor consumo de energ\u00eda. Compacto y ligero, su tama\u00f1o se reduce considerablemente gracias a esta tecnolog\u00eda. Caracter\u00edsticas: -Mandril sin llave de 13 mm para cambiar accesorios de forma r\u00e1pida y sencilla. -16 posiciones de torsi\u00f3n, hasta un 10 % m\u00e1s de torsi\u00f3n en comparaci\u00f3n con los modelos anteriores. -Luz LED para iluminar el \u00e1rea de trabajo y mejorar la visibilidad. -Empu\u00f1adura de goma con suave. Los contornos se adaptan bien a la mano, evitando resbalones. -Gatillo con m\u00f3dulo electr\u00f3nico de control de velocidad variable y protecci\u00f3n contra sobrecarga. -Motor sin escobillas. Tiempo de uso perfecto y alta eficiencia, reduce los costos de mantenimiento. -2 modos: atornillador y martillo 32,300 ipm. -2 velocidades 0-600\/0-1900 RPM -Capacidad de corte o perforaci\u00f3n: metal 13 mm, madera 30 mm alba\u00f1iler\u00eda 13 mm.. -Torque: 60 Nm -Peso: 1.2 kg.<br \/>\n(No incluye bater\u00eda ni cargador).<\/p>\n","protected":false},"excerpt":{"rendered":"<p>Taladro Percutor BL Stanley 13mm 60hz SBD715B<\/p>\n","protected":false},"featured_media":11666,"template":"","meta":{"_joinchat":[]},"product_cat":[1575],"product_tag":[],"class_list":{"0":"post-11665","1":"product","2":"type-product","3":"status-publish","4":"has-post-thumbnail","6":"product_cat-herramientas-inalambricas","8":"first","9":"instock","10":"taxable","11":"shipping-taxable","12":"product-type-simple"},"_links":{"self":[{"href":"https:\/\/lidertecsa.com.ar\/catalogo\/wp-json\/wp\/v2\/product\/11665"}],"collection":[{"href":"https:\/\/lidertecsa.com.ar\/catalogo\/wp-json\/wp\/v2\/product"}],"about":[{"href":"https:\/\/lidertecsa.com.ar\/catalogo\/wp-json\/wp\/v2\/types\/product"}],"wp:featuredmedia":[{"embeddable":true,"href":"https:\/\/lidertecsa.com.ar\/catalogo\/wp-json\/wp\/v2\/media\/11666"}],"wp:attachment":[{"href":"https:\/\/lidertecsa.com.ar\/catalogo\/wp-json\/wp\/v2\/media?parent=11665"}],"wp:term":[{"taxonomy":"product_cat","embeddable":true,"href":"https:\/\/lidertecsa.com.ar\/catalogo\/wp-json\/wp\/v2\/product_cat?post=11665"},{"taxonomy":"product_tag","embeddable":true,"href":"https:\/\/lidertecsa.com.ar\/catalogo\/wp-json\/wp\/v2\/product_tag?post=11665"}],"curies":[{"name":"wp","href":"https:\/\/api.w.org\/{rel}","templated":true}]}}