{"id":11655,"date":"2026-01-19T09:37:46","date_gmt":"2026-01-19T12:37:46","guid":{"rendered":"https:\/\/lidertecsa.com.ar\/catalogo\/?post_type=product&#038;p=11655"},"modified":"2026-01-19T09:37:47","modified_gmt":"2026-01-19T12:37:47","slug":"adaptador-de-bateria-stanley-sba100","status":"publish","type":"product","link":"https:\/\/lidertecsa.com.ar\/catalogo\/producto\/adaptador-de-bateria-stanley-sba100\/","title":{"rendered":"Adaptador De Bater\u00eda Stanley SBA100"},"content":{"rendered":"<p>Adaptador De Bateria Stanley Sba100 20v Convierte bater\u00edas Stanley 20 V de 1.5 Ah y 2.0 Ah para su utilizaci\u00f3n con modelos anteriores de herramientas el\u00e9ctricas inal\u00e1mbricas 20V. Compatible con bater\u00edas Ion de Litio: &#8211; SB201 &#8211; SB202 Parte del nuevo sistema de 20V Stanley Sistema inal\u00e1mbrico. Certificaci\u00f3n NOM\/ANCE. El m\u00e1ximo voltaje inicial de la bater\u00eda (medio sin carga de trabajo) es de 20 voltios. La tensi\u00f3n nominal es de 18V.<\/p>\n","protected":false},"excerpt":{"rendered":"<p>Adaptador De Bater\u00eda Stanley SBA100<\/p>\n","protected":false},"featured_media":11656,"template":"","meta":{"_joinchat":[]},"product_cat":[1575],"product_tag":[],"class_list":{"0":"post-11655","1":"product","2":"type-product","3":"status-publish","4":"has-post-thumbnail","6":"product_cat-herramientas-inalambricas","8":"first","9":"instock","10":"taxable","11":"shipping-taxable","12":"product-type-simple"},"_links":{"self":[{"href":"https:\/\/lidertecsa.com.ar\/catalogo\/wp-json\/wp\/v2\/product\/11655"}],"collection":[{"href":"https:\/\/lidertecsa.com.ar\/catalogo\/wp-json\/wp\/v2\/product"}],"about":[{"href":"https:\/\/lidertecsa.com.ar\/catalogo\/wp-json\/wp\/v2\/types\/product"}],"wp:featuredmedia":[{"embeddable":true,"href":"https:\/\/lidertecsa.com.ar\/catalogo\/wp-json\/wp\/v2\/media\/11656"}],"wp:attachment":[{"href":"https:\/\/lidertecsa.com.ar\/catalogo\/wp-json\/wp\/v2\/media?parent=11655"}],"wp:term":[{"taxonomy":"product_cat","embeddable":true,"href":"https:\/\/lidertecsa.com.ar\/catalogo\/wp-json\/wp\/v2\/product_cat?post=11655"},{"taxonomy":"product_tag","embeddable":true,"href":"https:\/\/lidertecsa.com.ar\/catalogo\/wp-json\/wp\/v2\/product_tag?post=11655"}],"curies":[{"name":"wp","href":"https:\/\/api.w.org\/{rel}","templated":true}]}}