{"id":11651,"date":"2026-01-19T09:21:15","date_gmt":"2026-01-19T12:21:15","guid":{"rendered":"https:\/\/lidertecsa.com.ar\/catalogo\/?post_type=product&#038;p=11651"},"modified":"2026-01-19T09:21:15","modified_gmt":"2026-01-19T12:21:15","slug":"cargador-doble-para-bateria-stanley-4ah-sc402","status":"publish","type":"product","link":"https:\/\/lidertecsa.com.ar\/catalogo\/producto\/cargador-doble-para-bateria-stanley-4ah-sc402\/","title":{"rendered":"Cargador Doble para Bater\u00eda Stanley 4ah SC402"},"content":{"rendered":"<p>Cargador de bater\u00eda doble Stanley bivolt 4ah V20 SC402 Dise\u00f1ado para recargar bater\u00edas de iones de litio de 20 V, este cargador ofrece versatilidad y eficiencia. Con un tiempo de recarga r\u00e1pido, que var\u00eda entre 90 minutos y 20 minutos, dependiendo del amperaje de la bater\u00eda, podr\u00e1s volver a trabajar sin demora. Adem\u00e1s, su compatibilidad con bater\u00edas de diferentes amperajes la convierte en una opci\u00f3n ideal para una variedad de herramientas el\u00e9ctricas.<br \/>\nCaracter\u00edsticas: -4 Ah Bivolt, compatible con todas las bater\u00edas de la l\u00ednea V20. -Puerto USB -Luz indicadora de carga -Enchufe universal de 220-240V.<\/p>\n","protected":false},"excerpt":{"rendered":"<p>Cargador Doble para Bater\u00eda Stanley 4ah SC402<\/p>\n","protected":false},"featured_media":11652,"template":"","meta":{"_joinchat":[]},"product_cat":[1575],"product_tag":[],"class_list":{"0":"post-11651","1":"product","2":"type-product","3":"status-publish","4":"has-post-thumbnail","6":"product_cat-herramientas-inalambricas","8":"first","9":"instock","10":"taxable","11":"shipping-taxable","12":"product-type-simple"},"_links":{"self":[{"href":"https:\/\/lidertecsa.com.ar\/catalogo\/wp-json\/wp\/v2\/product\/11651"}],"collection":[{"href":"https:\/\/lidertecsa.com.ar\/catalogo\/wp-json\/wp\/v2\/product"}],"about":[{"href":"https:\/\/lidertecsa.com.ar\/catalogo\/wp-json\/wp\/v2\/types\/product"}],"wp:featuredmedia":[{"embeddable":true,"href":"https:\/\/lidertecsa.com.ar\/catalogo\/wp-json\/wp\/v2\/media\/11652"}],"wp:attachment":[{"href":"https:\/\/lidertecsa.com.ar\/catalogo\/wp-json\/wp\/v2\/media?parent=11651"}],"wp:term":[{"taxonomy":"product_cat","embeddable":true,"href":"https:\/\/lidertecsa.com.ar\/catalogo\/wp-json\/wp\/v2\/product_cat?post=11651"},{"taxonomy":"product_tag","embeddable":true,"href":"https:\/\/lidertecsa.com.ar\/catalogo\/wp-json\/wp\/v2\/product_tag?post=11651"}],"curies":[{"name":"wp","href":"https:\/\/api.w.org\/{rel}","templated":true}]}}