{"id":11647,"date":"2026-01-19T09:11:10","date_gmt":"2026-01-19T12:11:10","guid":{"rendered":"https:\/\/lidertecsa.com.ar\/catalogo\/?post_type=product&#038;p=11647"},"modified":"2026-01-19T09:11:10","modified_gmt":"2026-01-19T12:11:10","slug":"cargador-de-bateria-ion-li-stanley-sc200","status":"publish","type":"product","link":"https:\/\/lidertecsa.com.ar\/catalogo\/producto\/cargador-de-bateria-ion-li-stanley-sc200\/","title":{"rendered":"Cargador de Bater\u00eda Ion-Li Stanley SC200"},"content":{"rendered":"<p>Marca STANLEY C\u00f3digo SC200 Pa\u00eds De Origen United States Fuente de energ\u00eda El\u00e9ctrica con cable NOTA IMPORTANTE: ES PARA BATERIA DE 2.0 AH. Componentes incluidos (1) Cargador de 2 A Tipo de celda de bater\u00eda Litio Ion Nuevo sistema V20, poderosas herramientas, 1 bater\u00eda intercambiable. Las nuevas bater\u00edas de i\u00f3n de litio V20. Ofrece todo el rendimiento que necesita para un largo d\u00eda de trabajo. Porque necesitas confiar en el buen funcionamiento de tus herramientas. Tecnolog\u00eda mejorada, mayor duraci\u00f3n, auto descarga m\u00ednima y sin efecto memoria.<\/p>\n","protected":false},"excerpt":{"rendered":"<p>Cargador de Bater\u00eda Ion-Li Stanley SC200<\/p>\n","protected":false},"featured_media":11648,"template":"","meta":{"_joinchat":[]},"product_cat":[1575],"product_tag":[],"class_list":{"0":"post-11647","1":"product","2":"type-product","3":"status-publish","4":"has-post-thumbnail","6":"product_cat-herramientas-inalambricas","8":"first","9":"instock","10":"taxable","11":"shipping-taxable","12":"product-type-simple"},"_links":{"self":[{"href":"https:\/\/lidertecsa.com.ar\/catalogo\/wp-json\/wp\/v2\/product\/11647"}],"collection":[{"href":"https:\/\/lidertecsa.com.ar\/catalogo\/wp-json\/wp\/v2\/product"}],"about":[{"href":"https:\/\/lidertecsa.com.ar\/catalogo\/wp-json\/wp\/v2\/types\/product"}],"wp:featuredmedia":[{"embeddable":true,"href":"https:\/\/lidertecsa.com.ar\/catalogo\/wp-json\/wp\/v2\/media\/11648"}],"wp:attachment":[{"href":"https:\/\/lidertecsa.com.ar\/catalogo\/wp-json\/wp\/v2\/media?parent=11647"}],"wp:term":[{"taxonomy":"product_cat","embeddable":true,"href":"https:\/\/lidertecsa.com.ar\/catalogo\/wp-json\/wp\/v2\/product_cat?post=11647"},{"taxonomy":"product_tag","embeddable":true,"href":"https:\/\/lidertecsa.com.ar\/catalogo\/wp-json\/wp\/v2\/product_tag?post=11647"}],"curies":[{"name":"wp","href":"https:\/\/api.w.org\/{rel}","templated":true}]}}