{"id":11643,"date":"2026-01-19T09:00:40","date_gmt":"2026-01-19T12:00:40","guid":{"rendered":"https:\/\/lidertecsa.com.ar\/catalogo\/?post_type=product&#038;p=11643"},"modified":"2026-01-19T09:00:40","modified_gmt":"2026-01-19T12:00:40","slug":"bateria-ion-li-stanley-4-ah-sb204","status":"publish","type":"product","link":"https:\/\/lidertecsa.com.ar\/catalogo\/producto\/bateria-ion-li-stanley-4-ah-sb204\/","title":{"rendered":"Bater\u00eda Ion-Li Stanley 4 Ah SB204"},"content":{"rendered":"<p>CARACTER\u00cdSTICAS: Bater\u00eda de ION de litio 4.0 Ah Sistema V20 FATMAX SB204 Stanley \u2022 El voltaje inicial m\u00e1ximo de la bater\u00eda es de 20V. La tensi\u00f3n nominal es de 18 V. \u2022 Amperaje: 4 a.h \u2022 Tecnolog\u00eda de la bater\u00eda mejorada. \u2022 Mayor duraci\u00f3n de la bater\u00eda. \u2022 Autodescarga m\u00ednima. \u2022 Sin efecto memoria. \u2022 Celdas de grado profesional de alta capacidad. \u2022 Riel robusto que mantiene la bater\u00eda en su lugar. \u2022 Compatible con sistema V20 FATMAX Stanley. \u2022 Indicador del estado de carga. \u2022 Tiempo de carga 120 min con el cargador SC200 Stanley. \u2022 Puede utilizarse en todas las nuevas herramientas del sistema Stanley 2.0 V20.<\/p>\n","protected":false},"excerpt":{"rendered":"<p>Bater\u00eda Ion-Li Stanley 4 Ah SB204<\/p>\n","protected":false},"featured_media":11644,"template":"","meta":{"_joinchat":[]},"product_cat":[1575],"product_tag":[],"class_list":{"0":"post-11643","1":"product","2":"type-product","3":"status-publish","4":"has-post-thumbnail","6":"product_cat-herramientas-inalambricas","8":"first","9":"instock","10":"taxable","11":"shipping-taxable","12":"product-type-simple"},"_links":{"self":[{"href":"https:\/\/lidertecsa.com.ar\/catalogo\/wp-json\/wp\/v2\/product\/11643"}],"collection":[{"href":"https:\/\/lidertecsa.com.ar\/catalogo\/wp-json\/wp\/v2\/product"}],"about":[{"href":"https:\/\/lidertecsa.com.ar\/catalogo\/wp-json\/wp\/v2\/types\/product"}],"wp:featuredmedia":[{"embeddable":true,"href":"https:\/\/lidertecsa.com.ar\/catalogo\/wp-json\/wp\/v2\/media\/11644"}],"wp:attachment":[{"href":"https:\/\/lidertecsa.com.ar\/catalogo\/wp-json\/wp\/v2\/media?parent=11643"}],"wp:term":[{"taxonomy":"product_cat","embeddable":true,"href":"https:\/\/lidertecsa.com.ar\/catalogo\/wp-json\/wp\/v2\/product_cat?post=11643"},{"taxonomy":"product_tag","embeddable":true,"href":"https:\/\/lidertecsa.com.ar\/catalogo\/wp-json\/wp\/v2\/product_tag?post=11643"}],"curies":[{"name":"wp","href":"https:\/\/api.w.org\/{rel}","templated":true}]}}