{"id":11641,"date":"2026-01-19T08:48:25","date_gmt":"2026-01-19T11:48:25","guid":{"rendered":"https:\/\/lidertecsa.com.ar\/catalogo\/?post_type=product&#038;p=11641"},"modified":"2026-01-19T08:48:26","modified_gmt":"2026-01-19T11:48:26","slug":"bateria-ion-li-stanley-2-0-ah-sb202","status":"publish","type":"product","link":"https:\/\/lidertecsa.com.ar\/catalogo\/producto\/bateria-ion-li-stanley-2-0-ah-sb202\/","title":{"rendered":"Bater\u00eda Ion-Li Stanley 2.0 Ah SB202"},"content":{"rendered":"<p>La Bater\u00eda de Ion de Litio Stanley SB202 20V es una opci\u00f3n ideal para tus herramientas el\u00e9ctricas Stanley de la l\u00ednea FATMAX. Con una capacidad de 2 Ah, esta bater\u00eda ofrece una tecnolog\u00eda mejorada que garantiza una mayor duraci\u00f3n y un rendimiento superior. Gracias a su m\u00ednima auto descarga y la ausencia de efecto memoria, siempre estar\u00e1 lista para usar cuando la necesites. Fabricada con materiales de litio, proporciona un voltaje constante de 20V, asegurando un funcionamiento eficiente y prolongado.<\/p>\n","protected":false},"excerpt":{"rendered":"<p>Bater\u00eda Ion-Li Stanley 2.0 Ah SB202<\/p>\n","protected":false},"featured_media":11642,"template":"","meta":{"_joinchat":[]},"product_cat":[1575],"product_tag":[],"class_list":{"0":"post-11641","1":"product","2":"type-product","3":"status-publish","4":"has-post-thumbnail","6":"product_cat-herramientas-inalambricas","8":"first","9":"instock","10":"taxable","11":"shipping-taxable","12":"product-type-simple"},"_links":{"self":[{"href":"https:\/\/lidertecsa.com.ar\/catalogo\/wp-json\/wp\/v2\/product\/11641"}],"collection":[{"href":"https:\/\/lidertecsa.com.ar\/catalogo\/wp-json\/wp\/v2\/product"}],"about":[{"href":"https:\/\/lidertecsa.com.ar\/catalogo\/wp-json\/wp\/v2\/types\/product"}],"wp:featuredmedia":[{"embeddable":true,"href":"https:\/\/lidertecsa.com.ar\/catalogo\/wp-json\/wp\/v2\/media\/11642"}],"wp:attachment":[{"href":"https:\/\/lidertecsa.com.ar\/catalogo\/wp-json\/wp\/v2\/media?parent=11641"}],"wp:term":[{"taxonomy":"product_cat","embeddable":true,"href":"https:\/\/lidertecsa.com.ar\/catalogo\/wp-json\/wp\/v2\/product_cat?post=11641"},{"taxonomy":"product_tag","embeddable":true,"href":"https:\/\/lidertecsa.com.ar\/catalogo\/wp-json\/wp\/v2\/product_tag?post=11641"}],"curies":[{"name":"wp","href":"https:\/\/api.w.org\/{rel}","templated":true}]}}