{"id":11639,"date":"2026-01-19T08:43:34","date_gmt":"2026-01-19T11:43:34","guid":{"rendered":"https:\/\/lidertecsa.com.ar\/catalogo\/?post_type=product&#038;p=11639"},"modified":"2026-01-19T08:43:35","modified_gmt":"2026-01-19T11:43:35","slug":"bateria-stanley-20v-1-5-ah-sb201","status":"publish","type":"product","link":"https:\/\/lidertecsa.com.ar\/catalogo\/producto\/bateria-stanley-20v-1-5-ah-sb201\/","title":{"rendered":"Bater\u00eda Stanley 20v 1.5 Ah SB201"},"content":{"rendered":"<p>Bateria Stanley 20V 1.5 Ah. Modelo SB201 Codigo: NA147000 Compatible con los siguientes equipos SCD700C2K-AR PISTOLA DE CALOR SBD715C2K-AR TALADRO DE PERCUSI\u00d3N SCD711C2K-BR MARTILLO INAL\u00c1MBRICO SCD711C2K-AR MARTILLO INAL\u00c1MBRICO SCD711C1K-BR TALADRO INAL\u00c1MBRICO.<\/p>\n","protected":false},"excerpt":{"rendered":"<p>Bater\u00eda Stanley 20v 1.5 Ah SB201<\/p>\n","protected":false},"featured_media":11640,"template":"","meta":{"_joinchat":[]},"product_cat":[1575],"product_tag":[],"class_list":{"0":"post-11639","1":"product","2":"type-product","3":"status-publish","4":"has-post-thumbnail","6":"product_cat-herramientas-inalambricas","8":"first","9":"instock","10":"taxable","11":"shipping-taxable","12":"product-type-simple"},"_links":{"self":[{"href":"https:\/\/lidertecsa.com.ar\/catalogo\/wp-json\/wp\/v2\/product\/11639"}],"collection":[{"href":"https:\/\/lidertecsa.com.ar\/catalogo\/wp-json\/wp\/v2\/product"}],"about":[{"href":"https:\/\/lidertecsa.com.ar\/catalogo\/wp-json\/wp\/v2\/types\/product"}],"wp:featuredmedia":[{"embeddable":true,"href":"https:\/\/lidertecsa.com.ar\/catalogo\/wp-json\/wp\/v2\/media\/11640"}],"wp:attachment":[{"href":"https:\/\/lidertecsa.com.ar\/catalogo\/wp-json\/wp\/v2\/media?parent=11639"}],"wp:term":[{"taxonomy":"product_cat","embeddable":true,"href":"https:\/\/lidertecsa.com.ar\/catalogo\/wp-json\/wp\/v2\/product_cat?post=11639"},{"taxonomy":"product_tag","embeddable":true,"href":"https:\/\/lidertecsa.com.ar\/catalogo\/wp-json\/wp\/v2\/product_tag?post=11639"}],"curies":[{"name":"wp","href":"https:\/\/api.w.org\/{rel}","templated":true}]}}