{"id":11627,"date":"2026-01-16T11:57:54","date_gmt":"2026-01-16T14:57:54","guid":{"rendered":"https:\/\/lidertecsa.com.ar\/catalogo\/?post_type=product&#038;p=11627"},"modified":"2026-01-16T11:57:54","modified_gmt":"2026-01-16T14:57:54","slug":"lijadora-orbital-stanley-v20-2ah-scs220d1s-ar","status":"publish","type":"product","link":"https:\/\/lidertecsa.com.ar\/catalogo\/producto\/lijadora-orbital-stanley-v20-2ah-scs220d1s-ar\/","title":{"rendered":"Lijadora Orbital Stanley V20 2Ah SCS220D1S-AR"},"content":{"rendered":"<p data-start=\"4600\" data-end=\"4866\">Lijadora orbital inal\u00e1mbrica de 5\u201d dise\u00f1ada para trabajos de terminaci\u00f3n y lijado fino. Incorpora interruptor sellado contra polvo y sistema de extracci\u00f3n para un entorno de trabajo m\u00e1s limpio. Incluye bater\u00eda de 2Ah, cargador y bolsa recolectora.<\/p>\n","protected":false},"excerpt":{"rendered":"<p>Lijadora Orbital Stanley V20 2Ah SCS220D1S-AR<\/p>\n","protected":false},"featured_media":11628,"template":"","meta":{"_joinchat":[]},"product_cat":[1575],"product_tag":[],"class_list":{"0":"post-11627","1":"product","2":"type-product","3":"status-publish","4":"has-post-thumbnail","6":"product_cat-herramientas-inalambricas","8":"first","9":"instock","10":"taxable","11":"shipping-taxable","12":"product-type-simple"},"_links":{"self":[{"href":"https:\/\/lidertecsa.com.ar\/catalogo\/wp-json\/wp\/v2\/product\/11627"}],"collection":[{"href":"https:\/\/lidertecsa.com.ar\/catalogo\/wp-json\/wp\/v2\/product"}],"about":[{"href":"https:\/\/lidertecsa.com.ar\/catalogo\/wp-json\/wp\/v2\/types\/product"}],"wp:featuredmedia":[{"embeddable":true,"href":"https:\/\/lidertecsa.com.ar\/catalogo\/wp-json\/wp\/v2\/media\/11628"}],"wp:attachment":[{"href":"https:\/\/lidertecsa.com.ar\/catalogo\/wp-json\/wp\/v2\/media?parent=11627"}],"wp:term":[{"taxonomy":"product_cat","embeddable":true,"href":"https:\/\/lidertecsa.com.ar\/catalogo\/wp-json\/wp\/v2\/product_cat?post=11627"},{"taxonomy":"product_tag","embeddable":true,"href":"https:\/\/lidertecsa.com.ar\/catalogo\/wp-json\/wp\/v2\/product_tag?post=11627"}],"curies":[{"name":"wp","href":"https:\/\/api.w.org\/{rel}","templated":true}]}}