{"id":11622,"date":"2026-01-16T11:52:02","date_gmt":"2026-01-16T14:52:02","guid":{"rendered":"https:\/\/lidertecsa.com.ar\/catalogo\/?post_type=product&#038;p=11622"},"modified":"2026-01-16T11:52:02","modified_gmt":"2026-01-16T14:52:02","slug":"rotomartillo-stanley-v20-sds-plus-brushless-2-bat-sbh900m2k-ar","status":"publish","type":"product","link":"https:\/\/lidertecsa.com.ar\/catalogo\/producto\/rotomartillo-stanley-v20-sds-plus-brushless-2-bat-sbh900m2k-ar\/","title":{"rendered":"Rotomartillo Stanley V20 SDS Plus Brushless 2 Bat SBH900M2K-AR"},"content":{"rendered":"<p data-start=\"3506\" data-end=\"3792\">Rotomartillo inal\u00e1mbrico SDS Plus con motor Brushless y energ\u00eda de impacto de 2.0 J. Dispone de 3 modos de trabajo: perforaci\u00f3n, perforaci\u00f3n con percusi\u00f3n y cincelado. Adecuado para tareas en hormig\u00f3n y mamposter\u00eda. Incluye 2 bater\u00edas de 4Ah, cargador y maleta TSTAK.<\/p>\n","protected":false},"excerpt":{"rendered":"<p>Rotomartillo Stanley V20 SDS Plus Brushless 2 Bat SBH900M2K-AR<\/p>\n","protected":false},"featured_media":11623,"template":"","meta":{"_joinchat":[]},"product_cat":[1575],"product_tag":[],"class_list":{"0":"post-11622","1":"product","2":"type-product","3":"status-publish","4":"has-post-thumbnail","6":"product_cat-herramientas-inalambricas","8":"first","9":"instock","10":"taxable","11":"shipping-taxable","12":"product-type-simple"},"_links":{"self":[{"href":"https:\/\/lidertecsa.com.ar\/catalogo\/wp-json\/wp\/v2\/product\/11622"}],"collection":[{"href":"https:\/\/lidertecsa.com.ar\/catalogo\/wp-json\/wp\/v2\/product"}],"about":[{"href":"https:\/\/lidertecsa.com.ar\/catalogo\/wp-json\/wp\/v2\/types\/product"}],"wp:featuredmedia":[{"embeddable":true,"href":"https:\/\/lidertecsa.com.ar\/catalogo\/wp-json\/wp\/v2\/media\/11623"}],"wp:attachment":[{"href":"https:\/\/lidertecsa.com.ar\/catalogo\/wp-json\/wp\/v2\/media?parent=11622"}],"wp:term":[{"taxonomy":"product_cat","embeddable":true,"href":"https:\/\/lidertecsa.com.ar\/catalogo\/wp-json\/wp\/v2\/product_cat?post=11622"},{"taxonomy":"product_tag","embeddable":true,"href":"https:\/\/lidertecsa.com.ar\/catalogo\/wp-json\/wp\/v2\/product_tag?post=11622"}],"curies":[{"name":"wp","href":"https:\/\/api.w.org\/{rel}","templated":true}]}}