{"id":11618,"date":"2026-01-16T11:44:40","date_gmt":"2026-01-16T14:44:40","guid":{"rendered":"https:\/\/lidertecsa.com.ar\/catalogo\/?post_type=product&#038;p=11618"},"modified":"2026-01-16T12:02:26","modified_gmt":"2026-01-16T15:02:26","slug":"taladro-percutor-stanley-v20-brushless-13mm-2-bat-sbd710c2k-ar","status":"publish","type":"product","link":"https:\/\/lidertecsa.com.ar\/catalogo\/producto\/taladro-percutor-stanley-v20-brushless-13mm-2-bat-sbd710c2k-ar\/","title":{"rendered":"Taladro Percutor Stanley V20 Brushless 13mm 2 Bat SBD710C2K-AR"},"content":{"rendered":"<p data-start=\"2032\" data-end=\"2337\">Taladro percutor inal\u00e1mbrico equipado con motor Brushless, que ofrece mayor eficiencia energ\u00e9tica, menor desgaste y mayor vida \u00fatil. Mandril de 13 mm, velocidad variable y funci\u00f3n percutora para aplicaciones exigentes. Ideal para uso profesional. Incluye 2 bater\u00edas de 1.5Ah y cargador.<\/p>\n","protected":false},"excerpt":{"rendered":"<p>Taladro Percutor Stanley V20 Brushless 13mm 2 Bat SBD710C2K-AR<\/p>\n","protected":false},"featured_media":11632,"template":"","meta":{"_joinchat":[]},"product_cat":[1575],"product_tag":[],"class_list":{"0":"post-11618","1":"product","2":"type-product","3":"status-publish","4":"has-post-thumbnail","6":"product_cat-herramientas-inalambricas","8":"first","9":"instock","10":"taxable","11":"shipping-taxable","12":"product-type-simple"},"_links":{"self":[{"href":"https:\/\/lidertecsa.com.ar\/catalogo\/wp-json\/wp\/v2\/product\/11618"}],"collection":[{"href":"https:\/\/lidertecsa.com.ar\/catalogo\/wp-json\/wp\/v2\/product"}],"about":[{"href":"https:\/\/lidertecsa.com.ar\/catalogo\/wp-json\/wp\/v2\/types\/product"}],"wp:featuredmedia":[{"embeddable":true,"href":"https:\/\/lidertecsa.com.ar\/catalogo\/wp-json\/wp\/v2\/media\/11632"}],"wp:attachment":[{"href":"https:\/\/lidertecsa.com.ar\/catalogo\/wp-json\/wp\/v2\/media?parent=11618"}],"wp:term":[{"taxonomy":"product_cat","embeddable":true,"href":"https:\/\/lidertecsa.com.ar\/catalogo\/wp-json\/wp\/v2\/product_cat?post=11618"},{"taxonomy":"product_tag","embeddable":true,"href":"https:\/\/lidertecsa.com.ar\/catalogo\/wp-json\/wp\/v2\/product_tag?post=11618"}],"curies":[{"name":"wp","href":"https:\/\/api.w.org\/{rel}","templated":true}]}}