{"id":11616,"date":"2026-01-16T11:41:19","date_gmt":"2026-01-16T14:41:19","guid":{"rendered":"https:\/\/lidertecsa.com.ar\/catalogo\/?post_type=product&#038;p=11616"},"modified":"2026-01-16T11:41:19","modified_gmt":"2026-01-16T14:41:19","slug":"taladro-percutor-stanley-v20-13mm-2-bat-scd711c2k-ar","status":"publish","type":"product","link":"https:\/\/lidertecsa.com.ar\/catalogo\/producto\/taladro-percutor-stanley-v20-13mm-2-bat-scd711c2k-ar\/","title":{"rendered":"Taladro Percutor Stanley V20 13mm 2 Bat SCD711C2K-AR"},"content":{"rendered":"<p data-start=\"1260\" data-end=\"1557\">Taladro percutor inal\u00e1mbrico con mandril de 13 mm y selector de velocidad variable. La funci\u00f3n de percusi\u00f3n permite trabajar sobre mamposter\u00eda liviana, adem\u00e1s de madera y metal. Dise\u00f1o robusto y equilibrado para un manejo seguro. Incluye 2 bater\u00edas de 1.5Ah, cargador y malet\u00edn.<\/p>\n","protected":false},"excerpt":{"rendered":"<p>Taladro Percutor Stanley V20 13mm 2 Bat SCD711C2K-AR<\/p>\n","protected":false},"featured_media":11617,"template":"","meta":{"_joinchat":[]},"product_cat":[1575],"product_tag":[],"class_list":{"0":"post-11616","1":"product","2":"type-product","3":"status-publish","4":"has-post-thumbnail","6":"product_cat-herramientas-inalambricas","8":"first","9":"instock","10":"taxable","11":"shipping-taxable","12":"product-type-simple"},"_links":{"self":[{"href":"https:\/\/lidertecsa.com.ar\/catalogo\/wp-json\/wp\/v2\/product\/11616"}],"collection":[{"href":"https:\/\/lidertecsa.com.ar\/catalogo\/wp-json\/wp\/v2\/product"}],"about":[{"href":"https:\/\/lidertecsa.com.ar\/catalogo\/wp-json\/wp\/v2\/types\/product"}],"wp:featuredmedia":[{"embeddable":true,"href":"https:\/\/lidertecsa.com.ar\/catalogo\/wp-json\/wp\/v2\/media\/11617"}],"wp:attachment":[{"href":"https:\/\/lidertecsa.com.ar\/catalogo\/wp-json\/wp\/v2\/media?parent=11616"}],"wp:term":[{"taxonomy":"product_cat","embeddable":true,"href":"https:\/\/lidertecsa.com.ar\/catalogo\/wp-json\/wp\/v2\/product_cat?post=11616"},{"taxonomy":"product_tag","embeddable":true,"href":"https:\/\/lidertecsa.com.ar\/catalogo\/wp-json\/wp\/v2\/product_tag?post=11616"}],"curies":[{"name":"wp","href":"https:\/\/api.w.org\/{rel}","templated":true}]}}