{"id":11614,"date":"2026-01-16T11:38:12","date_gmt":"2026-01-16T14:38:12","guid":{"rendered":"https:\/\/lidertecsa.com.ar\/catalogo\/?post_type=product&#038;p=11614"},"modified":"2026-01-16T11:38:12","modified_gmt":"2026-01-16T14:38:12","slug":"taladro-atornillador-stanley-v20-13mm-2-bat-scd700c2k-ar","status":"publish","type":"product","link":"https:\/\/lidertecsa.com.ar\/catalogo\/producto\/taladro-atornillador-stanley-v20-13mm-2-bat-scd700c2k-ar\/","title":{"rendered":"Taladro Atornillador Stanley V20 13mm 2 Bat SCD700C2K-AR"},"content":{"rendered":"<p data-start=\"311\" data-end=\"703\">Taladro atornillador inal\u00e1mbrico de la l\u00ednea V20, dise\u00f1ado para tareas de perforaci\u00f3n y atornillado sin funci\u00f3n percutora. Incorpora velocidad variable y reversa para un control preciso del trabajo. Mandril sin llave de 13 mm que permite una amplia gama de accesorios. Adecuado para trabajos en madera y metal. Incluye 2 bater\u00edas de 1.5Ah, cargador y malet\u00edn de transporte.<\/p>\n","protected":false},"excerpt":{"rendered":"<p>Taladro Atornillador Stanley V20 13mm 2 Bat SCD700C2K-AR<\/p>\n","protected":false},"featured_media":11615,"template":"","meta":{"_joinchat":[]},"product_cat":[1575],"product_tag":[],"class_list":{"0":"post-11614","1":"product","2":"type-product","3":"status-publish","4":"has-post-thumbnail","6":"product_cat-herramientas-inalambricas","8":"first","9":"instock","10":"taxable","11":"shipping-taxable","12":"product-type-simple"},"_links":{"self":[{"href":"https:\/\/lidertecsa.com.ar\/catalogo\/wp-json\/wp\/v2\/product\/11614"}],"collection":[{"href":"https:\/\/lidertecsa.com.ar\/catalogo\/wp-json\/wp\/v2\/product"}],"about":[{"href":"https:\/\/lidertecsa.com.ar\/catalogo\/wp-json\/wp\/v2\/types\/product"}],"wp:featuredmedia":[{"embeddable":true,"href":"https:\/\/lidertecsa.com.ar\/catalogo\/wp-json\/wp\/v2\/media\/11615"}],"wp:attachment":[{"href":"https:\/\/lidertecsa.com.ar\/catalogo\/wp-json\/wp\/v2\/media?parent=11614"}],"wp:term":[{"taxonomy":"product_cat","embeddable":true,"href":"https:\/\/lidertecsa.com.ar\/catalogo\/wp-json\/wp\/v2\/product_cat?post=11614"},{"taxonomy":"product_tag","embeddable":true,"href":"https:\/\/lidertecsa.com.ar\/catalogo\/wp-json\/wp\/v2\/product_tag?post=11614"}],"curies":[{"name":"wp","href":"https:\/\/api.w.org\/{rel}","templated":true}]}}