{"id":11610,"date":"2026-01-16T10:57:19","date_gmt":"2026-01-16T13:57:19","guid":{"rendered":"https:\/\/lidertecsa.com.ar\/catalogo\/?post_type=product&#038;p=11610"},"modified":"2026-01-16T10:57:19","modified_gmt":"2026-01-16T13:57:19","slug":"taladro-percutor-stanley-12v-inalambrico-10mm-2-bat-sch12s2k-ar","status":"publish","type":"product","link":"https:\/\/lidertecsa.com.ar\/catalogo\/producto\/taladro-percutor-stanley-12v-inalambrico-10mm-2-bat-sch12s2k-ar\/","title":{"rendered":"Taladro Percutor Stanley 12V Inal\u00e1mbrico 10mm 2 Bat SCH12S2K-AR"},"content":{"rendered":"<p data-start=\"722\" data-end=\"931\">Taladro percutor 12V con velocidad variable y control de torque. Mandril de 10 mm y dise\u00f1o compacto para mayor maniobrabilidad. Incluye 2 bater\u00edas de 1.5Ah y malet\u00edn de transporte.<\/p>\n","protected":false},"excerpt":{"rendered":"<p>Taladro Percutor Stanley 12V Inal\u00e1mbrico 10mm 2 Bat SCH12S2K-AR<\/p>\n","protected":false},"featured_media":11611,"template":"","meta":{"_joinchat":[]},"product_cat":[1575],"product_tag":[],"class_list":{"0":"post-11610","1":"product","2":"type-product","3":"status-publish","4":"has-post-thumbnail","6":"product_cat-herramientas-inalambricas","8":"first","9":"instock","10":"taxable","11":"shipping-taxable","12":"product-type-simple"},"_links":{"self":[{"href":"https:\/\/lidertecsa.com.ar\/catalogo\/wp-json\/wp\/v2\/product\/11610"}],"collection":[{"href":"https:\/\/lidertecsa.com.ar\/catalogo\/wp-json\/wp\/v2\/product"}],"about":[{"href":"https:\/\/lidertecsa.com.ar\/catalogo\/wp-json\/wp\/v2\/types\/product"}],"wp:featuredmedia":[{"embeddable":true,"href":"https:\/\/lidertecsa.com.ar\/catalogo\/wp-json\/wp\/v2\/media\/11611"}],"wp:attachment":[{"href":"https:\/\/lidertecsa.com.ar\/catalogo\/wp-json\/wp\/v2\/media?parent=11610"}],"wp:term":[{"taxonomy":"product_cat","embeddable":true,"href":"https:\/\/lidertecsa.com.ar\/catalogo\/wp-json\/wp\/v2\/product_cat?post=11610"},{"taxonomy":"product_tag","embeddable":true,"href":"https:\/\/lidertecsa.com.ar\/catalogo\/wp-json\/wp\/v2\/product_tag?post=11610"}],"curies":[{"name":"wp","href":"https:\/\/api.w.org\/{rel}","templated":true}]}}