{"id":11608,"date":"2026-01-16T10:53:18","date_gmt":"2026-01-16T13:53:18","guid":{"rendered":"https:\/\/lidertecsa.com.ar\/catalogo\/?post_type=product&#038;p=11608"},"modified":"2026-01-16T10:53:18","modified_gmt":"2026-01-16T13:53:18","slug":"taladro-percutor-stanley-12v-10mm-2-bat-sch10d2k-ar","status":"publish","type":"product","link":"https:\/\/lidertecsa.com.ar\/catalogo\/producto\/taladro-percutor-stanley-12v-10mm-2-bat-sch10d2k-ar\/","title":{"rendered":"Taladro Percutor Stanley 12V 10mm 2 Bat SCH10D2K-AR"},"content":{"rendered":"<p data-start=\"349\" data-end=\"628\">Taladro percutor inal\u00e1mbrico de 12V con motor de dos velocidades y funci\u00f3n de percusi\u00f3n. Mandril autoajustable de 10 mm, velocidad variable y reversa. Adecuado para perforaci\u00f3n y atornillado en madera, metal y mamposter\u00eda liviana. Incluye 2 bater\u00edas y malet\u00edn.<\/p>\n","protected":false},"excerpt":{"rendered":"<p>Taladro Percutor Stanley 12V 10mm 2 Bat SCH10D2K-AR<\/p>\n","protected":false},"featured_media":11609,"template":"","meta":{"_joinchat":[]},"product_cat":[1575],"product_tag":[],"class_list":{"0":"post-11608","1":"product","2":"type-product","3":"status-publish","4":"has-post-thumbnail","6":"product_cat-herramientas-inalambricas","8":"first","9":"instock","10":"taxable","11":"shipping-taxable","12":"product-type-simple"},"_links":{"self":[{"href":"https:\/\/lidertecsa.com.ar\/catalogo\/wp-json\/wp\/v2\/product\/11608"}],"collection":[{"href":"https:\/\/lidertecsa.com.ar\/catalogo\/wp-json\/wp\/v2\/product"}],"about":[{"href":"https:\/\/lidertecsa.com.ar\/catalogo\/wp-json\/wp\/v2\/types\/product"}],"wp:featuredmedia":[{"embeddable":true,"href":"https:\/\/lidertecsa.com.ar\/catalogo\/wp-json\/wp\/v2\/media\/11609"}],"wp:attachment":[{"href":"https:\/\/lidertecsa.com.ar\/catalogo\/wp-json\/wp\/v2\/media?parent=11608"}],"wp:term":[{"taxonomy":"product_cat","embeddable":true,"href":"https:\/\/lidertecsa.com.ar\/catalogo\/wp-json\/wp\/v2\/product_cat?post=11608"},{"taxonomy":"product_tag","embeddable":true,"href":"https:\/\/lidertecsa.com.ar\/catalogo\/wp-json\/wp\/v2\/product_tag?post=11608"}],"curies":[{"name":"wp","href":"https:\/\/api.w.org\/{rel}","templated":true}]}}