{"id":11556,"date":"2026-01-15T12:05:34","date_gmt":"2026-01-15T15:05:34","guid":{"rendered":"https:\/\/lidertecsa.com.ar\/catalogo\/?post_type=product&#038;p=11556"},"modified":"2026-01-15T12:05:34","modified_gmt":"2026-01-15T15:05:34","slug":"pinza-alicate-pela-cable-auto-ajustable-stanley-96-230","status":"publish","type":"product","link":"https:\/\/lidertecsa.com.ar\/catalogo\/producto\/pinza-alicate-pela-cable-auto-ajustable-stanley-96-230\/","title":{"rendered":"Pinza Alicate Pela Cable Auto Ajustable Stanley 96-230"},"content":{"rendered":"<p>Pela cable Stanley 96-230. Se ajusta autom\u00e1ticamente, pela cables de calibre 10-24 AWG. Corta cables de cobre y de aluminio, as\u00ed como cables con m\u00faltiples alambres de hasta 10mm y cables con alambre individual de hasta 6mm. Incluye ponchador para terminales aislados de 10-22AWG, terminales no aislados de 10-22AWG, y terminales de encendido de 7-9mm. Mango ergon\u00f3mico anti-deslizante. medida de 203 mm 8&#8243;\u00a0 Mango ergon\u00f3mico Antideslizante\u00a0 Entalla terminales Aisladas y no Aisladas\u00a0 El alicate Sirve tanto para Cables de Cobre como de Aluminio hasta 6mm Sirve tanto como para Cables Redondos o Planos hasta 6mm2.\u00a0 Hecho en Taiwan.<\/p>\n","protected":false},"excerpt":{"rendered":"<p>Pinza Alicate Pela Cable Auto Ajustable Stanley 96-230<\/p>\n","protected":false},"featured_media":11557,"template":"","meta":{"_joinchat":[]},"product_cat":[1577],"product_tag":[],"class_list":{"0":"post-11556","1":"product","2":"type-product","3":"status-publish","4":"has-post-thumbnail","6":"product_cat-herramientas-manuales-stanley","8":"first","9":"instock","10":"taxable","11":"shipping-taxable","12":"product-type-simple"},"_links":{"self":[{"href":"https:\/\/lidertecsa.com.ar\/catalogo\/wp-json\/wp\/v2\/product\/11556"}],"collection":[{"href":"https:\/\/lidertecsa.com.ar\/catalogo\/wp-json\/wp\/v2\/product"}],"about":[{"href":"https:\/\/lidertecsa.com.ar\/catalogo\/wp-json\/wp\/v2\/types\/product"}],"wp:featuredmedia":[{"embeddable":true,"href":"https:\/\/lidertecsa.com.ar\/catalogo\/wp-json\/wp\/v2\/media\/11557"}],"wp:attachment":[{"href":"https:\/\/lidertecsa.com.ar\/catalogo\/wp-json\/wp\/v2\/media?parent=11556"}],"wp:term":[{"taxonomy":"product_cat","embeddable":true,"href":"https:\/\/lidertecsa.com.ar\/catalogo\/wp-json\/wp\/v2\/product_cat?post=11556"},{"taxonomy":"product_tag","embeddable":true,"href":"https:\/\/lidertecsa.com.ar\/catalogo\/wp-json\/wp\/v2\/product_tag?post=11556"}],"curies":[{"name":"wp","href":"https:\/\/api.w.org\/{rel}","templated":true}]}}