{"id":11434,"date":"2026-01-14T08:45:08","date_gmt":"2026-01-14T11:45:08","guid":{"rendered":"https:\/\/lidertecsa.com.ar\/catalogo\/?post_type=product&#038;p=11434"},"modified":"2026-01-21T11:05:05","modified_gmt":"2026-01-21T14:05:05","slug":"motosierra-electrica-a-bateria-dewalt-dccs620b-b3-de-1-64kw","status":"publish","type":"product","link":"https:\/\/lidertecsa.com.ar\/catalogo\/producto\/motosierra-electrica-a-bateria-dewalt-dccs620b-b3-de-1-64kw\/","title":{"rendered":"Motosierra a Bater\u00eda Dewalt 20v MAX* DCCS620B-B3"},"content":{"rendered":"<p>Motosierra Electrosierra Inalambrica Dewalt 12&#8243; 300mm\u00a0 Modelo: DCCS620B Barra y cadena de 12&#8243; (300 mm) de bajo contragolpe para aplicaciones de corte en construcci\u00f3n y exteriores. Capacidad de corte hasta 90 cortes por carga en madera tratada a presi\u00f3n de 4&#215;4 usando una bater\u00eda de 20V MAX*. Perilla para tensionar la cadena y ajustar la barra sin herramientas para tener una fuerza de sujeci\u00f3n adecuada en la barra. Largo de espada: 300 mm (12&#8243;) Velocidad de cadena: 7,3 m\/seg Tipo de catillo: bloqueo en apagado Guarda cadena con freno Lubricaci\u00f3n de cadena: autom\u00e1tica Tensi\u00f3n de cadena: regulador manual Regulador de espada: manual Incluye: cubierta de barra dura NO incluye bater\u00eda Peso: 3,5 kg Peso de la caja: 4,4 kg Origen: China.<\/p>\n","protected":false},"excerpt":{"rendered":"<p>Motosierra el\u00e9ctrica a bater\u00eda DeWalt DCCS620B-B3 de 1.64kW<\/p>\n","protected":false},"featured_media":11435,"template":"","meta":{"_joinchat":[]},"product_cat":[1572],"product_tag":[],"class_list":{"0":"post-11434","1":"product","2":"type-product","3":"status-publish","4":"has-post-thumbnail","6":"product_cat-herramienta-inalambricas","8":"first","9":"instock","10":"taxable","11":"shipping-taxable","12":"product-type-simple"},"_links":{"self":[{"href":"https:\/\/lidertecsa.com.ar\/catalogo\/wp-json\/wp\/v2\/product\/11434"}],"collection":[{"href":"https:\/\/lidertecsa.com.ar\/catalogo\/wp-json\/wp\/v2\/product"}],"about":[{"href":"https:\/\/lidertecsa.com.ar\/catalogo\/wp-json\/wp\/v2\/types\/product"}],"wp:featuredmedia":[{"embeddable":true,"href":"https:\/\/lidertecsa.com.ar\/catalogo\/wp-json\/wp\/v2\/media\/11435"}],"wp:attachment":[{"href":"https:\/\/lidertecsa.com.ar\/catalogo\/wp-json\/wp\/v2\/media?parent=11434"}],"wp:term":[{"taxonomy":"product_cat","embeddable":true,"href":"https:\/\/lidertecsa.com.ar\/catalogo\/wp-json\/wp\/v2\/product_cat?post=11434"},{"taxonomy":"product_tag","embeddable":true,"href":"https:\/\/lidertecsa.com.ar\/catalogo\/wp-json\/wp\/v2\/product_tag?post=11434"}],"curies":[{"name":"wp","href":"https:\/\/api.w.org\/{rel}","templated":true}]}}