{"id":11378,"date":"2026-01-12T08:44:55","date_gmt":"2026-01-12T11:44:55","guid":{"rendered":"https:\/\/lidertecsa.com.ar\/catalogo\/?post_type=product&#038;p=11378"},"modified":"2026-01-12T08:44:55","modified_gmt":"2026-01-12T11:44:55","slug":"taladro-percutor-atornillador-inalambrico-de-13mm-dewalt-dcd805b-20v","status":"publish","type":"product","link":"https:\/\/lidertecsa.com.ar\/catalogo\/producto\/taladro-percutor-atornillador-inalambrico-de-13mm-dewalt-dcd805b-20v\/","title":{"rendered":"Taladro percutor atornillador inal\u00e1mbrico de 13mm DeWalt DCD805B 20V"},"content":{"rendered":"<p>DeWalt es innovaci\u00f3n que hace la diferencia y sin\u00f3nimo de solidez. Desde 1922 contin\u00faa dise\u00f1ando y optimizando soluciones industriales para asegurar el desempe\u00f1o en las condiciones m\u00e1s dif\u00edciles. Cada producto est\u00e1 orientado a maximizar el tiempo de uso y alcanzar el m\u00e1s alto rendimiento en la industria. Sus taladros se caracterizan por un dise\u00f1o compacto, ligero y ergon\u00f3mico que te brindar\u00e1 comodidad y seguridad. Tecnolog\u00eda de excelencia Su mandril de 13 mm te permitir\u00e1 manipular f\u00e1cilmente la herramienta de manera segura y precisa. Adem\u00e1s, su velocidad variable ofrece una gran experiencia de uso, adaptada a tus necesidades y requerimientos. Rotaci\u00f3n e impacto Al ser percutor, te facilitar\u00e1 tanto actividades dom\u00e9sticas como profesionales. Es ideal para hacer trabajos peque\u00f1os en paredes as\u00ed como grandes obras en piezas m\u00e1s resistentes y robustas. Ligero y f\u00e1cil de manejar Al no haber cables de por medio, vas a sentirte m\u00e1s c\u00f3modo al manipularlo. Adem\u00e1s, causa menos fatiga tras un uso intensivo. No se presentar\u00e1n problemas como no encontrar un contacto o que el cable sea muy corto para el \u00e1rea donde lo vas a utilizar.<\/p>\n","protected":false},"excerpt":{"rendered":"<p>Taladro percutor atornillador inal\u00e1mbrico de 13mm DeWalt DCD805B 20V<\/p>\n","protected":false},"featured_media":11379,"template":"","meta":{"_joinchat":[]},"product_cat":[1572],"product_tag":[],"class_list":{"0":"post-11378","1":"product","2":"type-product","3":"status-publish","4":"has-post-thumbnail","6":"product_cat-herramienta-inalambricas","8":"first","9":"instock","10":"taxable","11":"shipping-taxable","12":"product-type-simple"},"_links":{"self":[{"href":"https:\/\/lidertecsa.com.ar\/catalogo\/wp-json\/wp\/v2\/product\/11378"}],"collection":[{"href":"https:\/\/lidertecsa.com.ar\/catalogo\/wp-json\/wp\/v2\/product"}],"about":[{"href":"https:\/\/lidertecsa.com.ar\/catalogo\/wp-json\/wp\/v2\/types\/product"}],"wp:featuredmedia":[{"embeddable":true,"href":"https:\/\/lidertecsa.com.ar\/catalogo\/wp-json\/wp\/v2\/media\/11379"}],"wp:attachment":[{"href":"https:\/\/lidertecsa.com.ar\/catalogo\/wp-json\/wp\/v2\/media?parent=11378"}],"wp:term":[{"taxonomy":"product_cat","embeddable":true,"href":"https:\/\/lidertecsa.com.ar\/catalogo\/wp-json\/wp\/v2\/product_cat?post=11378"},{"taxonomy":"product_tag","embeddable":true,"href":"https:\/\/lidertecsa.com.ar\/catalogo\/wp-json\/wp\/v2\/product_tag?post=11378"}],"curies":[{"name":"wp","href":"https:\/\/api.w.org\/{rel}","templated":true}]}}