{"id":11302,"date":"2025-12-23T08:56:51","date_gmt":"2025-12-23T11:56:51","guid":{"rendered":"https:\/\/lidertecsa.com.ar\/catalogo\/?post_type=product&#038;p=11302"},"modified":"2025-12-23T09:03:22","modified_gmt":"2025-12-23T12:03:22","slug":"ingleteadora-electrica","status":"publish","type":"product","link":"https:\/\/lidertecsa.com.ar\/catalogo\/producto\/ingleteadora-electrica\/","title":{"rendered":"Ingleteadora El\u00e9ctrica"},"content":{"rendered":"<p>La ingleteadora Einhell (de tracci\u00f3n\/corte transversal) TC-SM 2531\/2 U es una herramienta de alta calidad para entusiastas del bricolaje exigentes. Permite trabajar con madera, paneles revestidos y pl\u00e1sticos. La mesa giratoria para cortes transversales, hecha de aluminio fundido a presi\u00f3n de alta calidad, cuenta con un ajuste de \u00e1ngulo preciso que se puede bloquear en distintas posiciones con un solo movimiento. Con su cabezal de sierra inclinable de manera continua hacia la izquierda, la m\u00e1quina permite realizar ingletes y biselados en cualquier \u00e1ngulo deseado hasta 45\u00b0. La funci\u00f3n de tracci\u00f3n con doble soporte permite cortar piezas de trabajo especialmente anchas.<\/p>\n<p>Se incluye un dispositivo de sujeci\u00f3n robusto para fijar la pieza de trabajo de forma segura. Gracias al ajuste de profundidad de corte, incluso los trabajos m\u00e1s exigentes se pueden realizar sin esfuerzo. La hoja de sierra robusta, con un di\u00e1metro de 254 mm, corta con potencia y limpieza, y se puede cambiar f\u00e1cilmente mediante un bloqueo del eje. La bolsa recolectora de polvo asegura un \u00e1rea de trabajo m\u00e1s limpia. Gracias al bastidor inferior, se garantiza una postura de trabajo c\u00f3moda. Adem\u00e1s, cuenta con un seguro de transporte para trasladarla de forma f\u00e1cil y segura.<\/p>\n","protected":false},"excerpt":{"rendered":"<p>Marco base para un soporte estable y una altura de trabajo c\u00f3moda (84 cm).<br \/>\nFunci\u00f3n teleccopica para piezas de trabajo anchas de hasta 310 mm. El l\u00e1ser incluido permite realizar cortes r\u00e1pidos y exactos . Mesa giratoria con ajuste de \u00e1ngulo preciso para cortes angulares.<\/p>\n","protected":false},"featured_media":11303,"template":"","meta":{"_joinchat":[]},"product_cat":[181],"product_tag":[],"class_list":{"0":"post-11302","1":"product","2":"type-product","3":"status-publish","4":"has-post-thumbnail","6":"product_cat-herramientas-electricas","8":"first","9":"instock","10":"taxable","11":"shipping-taxable","12":"product-type-simple"},"_links":{"self":[{"href":"https:\/\/lidertecsa.com.ar\/catalogo\/wp-json\/wp\/v2\/product\/11302"}],"collection":[{"href":"https:\/\/lidertecsa.com.ar\/catalogo\/wp-json\/wp\/v2\/product"}],"about":[{"href":"https:\/\/lidertecsa.com.ar\/catalogo\/wp-json\/wp\/v2\/types\/product"}],"wp:featuredmedia":[{"embeddable":true,"href":"https:\/\/lidertecsa.com.ar\/catalogo\/wp-json\/wp\/v2\/media\/11303"}],"wp:attachment":[{"href":"https:\/\/lidertecsa.com.ar\/catalogo\/wp-json\/wp\/v2\/media?parent=11302"}],"wp:term":[{"taxonomy":"product_cat","embeddable":true,"href":"https:\/\/lidertecsa.com.ar\/catalogo\/wp-json\/wp\/v2\/product_cat?post=11302"},{"taxonomy":"product_tag","embeddable":true,"href":"https:\/\/lidertecsa.com.ar\/catalogo\/wp-json\/wp\/v2\/product_tag?post=11302"}],"curies":[{"name":"wp","href":"https:\/\/api.w.org\/{rel}","templated":true}]}}