{"id":11300,"date":"2025-12-23T08:46:43","date_gmt":"2025-12-23T11:46:43","guid":{"rendered":"https:\/\/lidertecsa.com.ar\/catalogo\/?post_type=product&#038;p=11300"},"modified":"2025-12-23T08:53:48","modified_gmt":"2025-12-23T11:53:48","slug":"lijadora-orbital","status":"publish","type":"product","link":"https:\/\/lidertecsa.com.ar\/catalogo\/producto\/lijadora-orbital\/","title":{"rendered":"Lijadora Orbital"},"content":{"rendered":"<p>La lijadora multifunci\u00f3n RT-OS 13 es una herramienta vers\u00e1til y pr\u00e1ctica que combina la mejor ergonom\u00eda con la m\u00e1xima funcionalidad para lograr un acabado \u00f3ptimo en superficies. Los expertos valoran esta herramienta de una sola mano como un ayudante indispensable para lijar madera, pl\u00e1stico y metal, destacando especialmente en superficies peque\u00f1as y de dif\u00edcil acceso. Gracias a su dise\u00f1o ergon\u00f3mico con Softgrip, esta lijadora multifunci\u00f3n es c\u00f3moda de sujetar y precisa de manejar, permitiendo obtener resultados impecables.<\/p>\n<p>La RT-OS 13 cuenta con un sistema de fijaci\u00f3n por velcro, que permite cambiar el papel de lija en cuesti\u00f3n de segundos y asegura un ajuste sin arrugas en el disco de lijado. Para un trabajo limpio y pr\u00e1cticamente libre de polvo, la herramienta dispone de un dep\u00f3sito recolector de polvo con filtro integrado. Adem\u00e1s, gracias al adaptador para extracci\u00f3n de polvo, el dep\u00f3sito puede sustituirse por un aspirador, lo que garantiza un aire limpio y una mayor durabilidad del papel de lija.<\/p>\n<p>Un clip para el cable permite enrollarlo y asegurarlo f\u00e1cilmente, facilitando un almacenamiento ordenado despu\u00e9s de su uso. La lijadora incluye tres hojas de lija P120 y tres P240, para que puedas comenzar a trabajar de inmediato.<\/p>\n","protected":false},"excerpt":{"rendered":"<p>Ergonom\u00eda perfecta. Cambio f\u00e1cil del papel de lija gracias al sistema de fijaci\u00f3n por velcro. Dep\u00f3sito recolector de polvo con filtro. Adaptador para extracci\u00f3n de polvo. Empu\u00f1adura Softgrip. Clip para el cable. Incluye 6 hojas de papel de lija (3x P120, 3x P240).<\/p>\n","protected":false},"featured_media":11301,"template":"","meta":{"_joinchat":[]},"product_cat":[181],"product_tag":[],"class_list":{"0":"post-11300","1":"product","2":"type-product","3":"status-publish","4":"has-post-thumbnail","6":"product_cat-herramientas-electricas","8":"first","9":"instock","10":"taxable","11":"shipping-taxable","12":"product-type-simple"},"_links":{"self":[{"href":"https:\/\/lidertecsa.com.ar\/catalogo\/wp-json\/wp\/v2\/product\/11300"}],"collection":[{"href":"https:\/\/lidertecsa.com.ar\/catalogo\/wp-json\/wp\/v2\/product"}],"about":[{"href":"https:\/\/lidertecsa.com.ar\/catalogo\/wp-json\/wp\/v2\/types\/product"}],"wp:featuredmedia":[{"embeddable":true,"href":"https:\/\/lidertecsa.com.ar\/catalogo\/wp-json\/wp\/v2\/media\/11301"}],"wp:attachment":[{"href":"https:\/\/lidertecsa.com.ar\/catalogo\/wp-json\/wp\/v2\/media?parent=11300"}],"wp:term":[{"taxonomy":"product_cat","embeddable":true,"href":"https:\/\/lidertecsa.com.ar\/catalogo\/wp-json\/wp\/v2\/product_cat?post=11300"},{"taxonomy":"product_tag","embeddable":true,"href":"https:\/\/lidertecsa.com.ar\/catalogo\/wp-json\/wp\/v2\/product_tag?post=11300"}],"curies":[{"name":"wp","href":"https:\/\/api.w.org\/{rel}","templated":true}]}}