{"id":11298,"date":"2025-12-23T08:34:25","date_gmt":"2025-12-23T11:34:25","guid":{"rendered":"https:\/\/lidertecsa.com.ar\/catalogo\/?post_type=product&#038;p=11298"},"modified":"2025-12-23T08:42:00","modified_gmt":"2025-12-23T11:42:00","slug":"sierra-cirular-de-inmersion-de-corte-profundo","status":"publish","type":"product","link":"https:\/\/lidertecsa.com.ar\/catalogo\/producto\/sierra-cirular-de-inmersion-de-corte-profundo\/","title":{"rendered":"Sierra Cirular de Inmersi\u00f3n de Corte Profundo"},"content":{"rendered":"<p>La sierra de inmersi\u00f3n TE-PS 165 de Einhell es un potente multitalento cuando se trata de realizar cortes precisos en los materiales m\u00e1s diversos. Ya sea madera, paneles o pl\u00e1sticos: La hoja de sierra de metal duro de alta calidad trabaja con una potencia de hasta 1.200 W a trav\u00e9s de materiales con una profundidad de corte de hasta 56 mm (a 90\u00b0 sin carril). Incluso en un corte oblicuo de hasta 45\u00b0, profundidades de hasta 42 mm (sin carril) no son un obst\u00e1culo. Tambi\u00e9n se garantizan cortes limpios en la zona de uso pr\u00f3xima al borde. La profundidad de corte y el \u00e1ngulo de inclinaci\u00f3n se pueden ajustar sin herramientas y de forma sencilla. El bloqueo de la hoja de sierra permite cambiarla f\u00e1cilmente. La ventana de visualizaci\u00f3n garantiza una mejor visibilidad en la zona de corte. La longitud del cable ofrece un radio de acci\u00f3n especialmente amplio de hasta cuatro metros. El tope paralelo garantiza resultados de trabajo rectos. Gracias al adaptador para aspiradora, el lugar de trabajo permanece limpio. La gran empu\u00f1adura ha sido dise\u00f1ada para trabajar sin fatiga con la sierra de inmersi\u00f3n Einhell. El sistema de carriles gu\u00eda, disponible por separado, garantiza a\u00fan m\u00e1s precisi\u00f3n. Los soportes de pl\u00e1stico especiales est\u00e1n pensados para el ajuste fino del carril gu\u00eda.<\/p>\n","protected":false},"excerpt":{"rendered":"<p>Sistema de inmersi\u00f3n &#8211; Potencia: 1.200 w &#8211; Velocidad: 5.200 rpm &#8211; Profundidad de corte 45o\/90o: 42 mm \/ 56 mm &#8211; Disco : 165 mm.<\/p>\n","protected":false},"featured_media":11299,"template":"","meta":{"_joinchat":[]},"product_cat":[181],"product_tag":[],"class_list":{"0":"post-11298","1":"product","2":"type-product","3":"status-publish","4":"has-post-thumbnail","6":"product_cat-herramientas-electricas","8":"first","9":"instock","10":"taxable","11":"shipping-taxable","12":"product-type-simple"},"_links":{"self":[{"href":"https:\/\/lidertecsa.com.ar\/catalogo\/wp-json\/wp\/v2\/product\/11298"}],"collection":[{"href":"https:\/\/lidertecsa.com.ar\/catalogo\/wp-json\/wp\/v2\/product"}],"about":[{"href":"https:\/\/lidertecsa.com.ar\/catalogo\/wp-json\/wp\/v2\/types\/product"}],"wp:featuredmedia":[{"embeddable":true,"href":"https:\/\/lidertecsa.com.ar\/catalogo\/wp-json\/wp\/v2\/media\/11299"}],"wp:attachment":[{"href":"https:\/\/lidertecsa.com.ar\/catalogo\/wp-json\/wp\/v2\/media?parent=11298"}],"wp:term":[{"taxonomy":"product_cat","embeddable":true,"href":"https:\/\/lidertecsa.com.ar\/catalogo\/wp-json\/wp\/v2\/product_cat?post=11298"},{"taxonomy":"product_tag","embeddable":true,"href":"https:\/\/lidertecsa.com.ar\/catalogo\/wp-json\/wp\/v2\/product_tag?post=11298"}],"curies":[{"name":"wp","href":"https:\/\/api.w.org\/{rel}","templated":true}]}}