{"id":11296,"date":"2025-12-22T11:33:46","date_gmt":"2025-12-22T14:33:46","guid":{"rendered":"https:\/\/lidertecsa.com.ar\/catalogo\/?post_type=product&#038;p=11296"},"modified":"2025-12-22T11:38:22","modified_gmt":"2025-12-22T14:38:22","slug":"sierra-caladora","status":"publish","type":"product","link":"https:\/\/lidertecsa.com.ar\/catalogo\/producto\/sierra-caladora\/","title":{"rendered":"Sierra Caladora"},"content":{"rendered":"<p>La sierra de calar TC-JS 90 de Einhell es una herramienta potente y compacta para trabajos DIY en torno al taller y casa. Con caracter\u00edsticas pr\u00e1cticas como la funci\u00f3n de carrera pendular, garantiza cortes exactos de hasta 90 mm de profundidad en madera y 10 mm en acero con una altura de carrera de 22 mm. Con la ayuda de la zapata de sierra pivotante, tambi\u00e9n permite cortes a inglete exactos de hasta 45\u00b0. La sierra de calar es accionada por un motor silencioso de 650 vatios de potencia. Por la electr\u00f3nica de velocidad de giro puede adaptarse la potencia al material respectivo. Gracias al alojamiento de la hoja de sierra de v\u00e1stago en T, todas las hojas de sierra comunes se pueden reemplazar de forma r\u00e1pida y sin herramientas. Ya se incluye una hoja de sierra de calar para madera. El indicador de l\u00ednea de corte permite un trabajo preciso, mientras que el tope paralelo ayuda con los cortes rectos. Una luz LED que se puede activar por separado y la funci\u00f3n de soplado de polvo conmutable garantizan la mejor visibilidad del \u00e1rea de corte. Para que la pieza de trabajo no se raye, la sierra de calar est\u00e1 equipada con una zapata de deslizamiento de pl\u00e1stico integrada y una protecci\u00f3n contra astillados para cortes sin desgarros. Para un lugar de trabajo siempre limpio, se puede conectar a la conexi\u00f3n de aspiraci\u00f3n, por ejemplo, un aspirador en seco y h\u00famedo de Einhell para la aspiraci\u00f3n. Gracias al modo constructivo compacto, bajo peso y superficies de agarre suave, la sierra de calar tambi\u00e9n queda en la mano agradablemente en trabajos m\u00e1s prolongados.<\/p>\n","protected":false},"excerpt":{"rendered":"<p>Potencia 650W- vel. MAX 3000min.- hasta 90 mm de profundidad en madera y 10 mm en acero con una altura de carrera de 22 mm &#8211; pendulo 4 posic. Peso 2,25 KG. &#8211; Tipo de soporte de la hoja T.<\/p>\n","protected":false},"featured_media":11297,"template":"","meta":{"_joinchat":[]},"product_cat":[181],"product_tag":[],"class_list":{"0":"post-11296","1":"product","2":"type-product","3":"status-publish","4":"has-post-thumbnail","6":"product_cat-herramientas-electricas","8":"first","9":"instock","10":"taxable","11":"shipping-taxable","12":"product-type-simple"},"_links":{"self":[{"href":"https:\/\/lidertecsa.com.ar\/catalogo\/wp-json\/wp\/v2\/product\/11296"}],"collection":[{"href":"https:\/\/lidertecsa.com.ar\/catalogo\/wp-json\/wp\/v2\/product"}],"about":[{"href":"https:\/\/lidertecsa.com.ar\/catalogo\/wp-json\/wp\/v2\/types\/product"}],"wp:featuredmedia":[{"embeddable":true,"href":"https:\/\/lidertecsa.com.ar\/catalogo\/wp-json\/wp\/v2\/media\/11297"}],"wp:attachment":[{"href":"https:\/\/lidertecsa.com.ar\/catalogo\/wp-json\/wp\/v2\/media?parent=11296"}],"wp:term":[{"taxonomy":"product_cat","embeddable":true,"href":"https:\/\/lidertecsa.com.ar\/catalogo\/wp-json\/wp\/v2\/product_cat?post=11296"},{"taxonomy":"product_tag","embeddable":true,"href":"https:\/\/lidertecsa.com.ar\/catalogo\/wp-json\/wp\/v2\/product_tag?post=11296"}],"curies":[{"name":"wp","href":"https:\/\/api.w.org\/{rel}","templated":true}]}}