{"id":11294,"date":"2025-12-22T11:29:00","date_gmt":"2025-12-22T14:29:00","guid":{"rendered":"https:\/\/lidertecsa.com.ar\/catalogo\/?post_type=product&#038;p=11294"},"modified":"2025-12-22T11:32:19","modified_gmt":"2025-12-22T14:32:19","slug":"aspiradora-electrica-seco-humedo-2","status":"publish","type":"product","link":"https:\/\/lidertecsa.com.ar\/catalogo\/producto\/aspiradora-electrica-seco-humedo-2\/","title":{"rendered":"Aspiradora El\u00e9ctrica Seco &#8211; H\u00famedo"},"content":{"rendered":"<p>El aspirador h\u00famedo-seco Einhell TC-VC 2045 S es ideal para una limpieza exhaustiva en el hogar, taller y garaje. Con 900 W de potencia y una capacidad de succi\u00f3n de 180 mbar, elimina de manera confiable polvo, suciedad y l\u00edquidos de una amplia variedad de superficies. Incluso las \u00e1reas de dif\u00edcil acceso pueden limpiarse f\u00e1cilmente mediante la conexi\u00f3n de soplado. El aspirador est\u00e1 equipado con un robusto contenedor de acero inoxidable con una capacidad de 20 litros. Una manguera de succi\u00f3n de pl\u00e1stico de 1,5 m de longitud (\u00d8 36 mm) y un tubo de succi\u00f3n de pl\u00e1stico de 3 piezas proporcionan un amplio alcance de acci\u00f3n con un alto flujo de aire para la limpieza. Puede usar el cable de alimentaci\u00f3n de 3 m de longitud para extender este alcance hasta 4,5 m. El cable de alimentaci\u00f3n se puede enrollar directamente en el soporte para cables del aspirador para su almacenamiento. Con sus cuatro ruedas y la manija de transporte integrada, podr\u00e1 usar este aspirador h\u00famedo-seco de manera f\u00e1cil y m\u00f3vil. El aspirador se suministra con una boquilla para grietas para limpiar pasajes estrechos y una boquilla combinada grande para alfombras y suelos duros. Tambi\u00e9n se incluye un filtro de espuma para limpieza en mojado, adem\u00e1s de una bolsa para recolecci\u00f3n de suciedad y una bolsa de filtro para la succi\u00f3n en seco.<\/p>\n","protected":false},"excerpt":{"rendered":"<p>Potencia 900 W &#8211; Potencia de aspiraci\u00f3n 180 mbar &#8211; Dep\u00f3sito de acero inoxidable de 20 litros &#8211; Sistema de manguera de 36 mm para un alto caudal de aire y suciedad &#8211; Incluye manguera de aspiraci\u00f3n de 1,5 metros y 3 tubos de extensi\u00f3n, boquilla de gran tama\u00f1o, boquilla para ranuras estrechas, bolsa de recogida de suciedad, bolsa de filtro y filtro de espuma.<\/p>\n","protected":false},"featured_media":11295,"template":"","meta":{"_joinchat":[]},"product_cat":[181],"product_tag":[],"class_list":{"0":"post-11294","1":"product","2":"type-product","3":"status-publish","4":"has-post-thumbnail","6":"product_cat-herramientas-electricas","8":"first","9":"instock","10":"taxable","11":"shipping-taxable","12":"product-type-simple"},"_links":{"self":[{"href":"https:\/\/lidertecsa.com.ar\/catalogo\/wp-json\/wp\/v2\/product\/11294"}],"collection":[{"href":"https:\/\/lidertecsa.com.ar\/catalogo\/wp-json\/wp\/v2\/product"}],"about":[{"href":"https:\/\/lidertecsa.com.ar\/catalogo\/wp-json\/wp\/v2\/types\/product"}],"wp:featuredmedia":[{"embeddable":true,"href":"https:\/\/lidertecsa.com.ar\/catalogo\/wp-json\/wp\/v2\/media\/11295"}],"wp:attachment":[{"href":"https:\/\/lidertecsa.com.ar\/catalogo\/wp-json\/wp\/v2\/media?parent=11294"}],"wp:term":[{"taxonomy":"product_cat","embeddable":true,"href":"https:\/\/lidertecsa.com.ar\/catalogo\/wp-json\/wp\/v2\/product_cat?post=11294"},{"taxonomy":"product_tag","embeddable":true,"href":"https:\/\/lidertecsa.com.ar\/catalogo\/wp-json\/wp\/v2\/product_tag?post=11294"}],"curies":[{"name":"wp","href":"https:\/\/api.w.org\/{rel}","templated":true}]}}