{"id":11292,"date":"2025-12-22T11:23:14","date_gmt":"2025-12-22T14:23:14","guid":{"rendered":"https:\/\/lidertecsa.com.ar\/catalogo\/?post_type=product&#038;p=11292"},"modified":"2025-12-22T11:26:25","modified_gmt":"2025-12-22T14:26:25","slug":"aspiradora-electrica-humedo-seco","status":"publish","type":"product","link":"https:\/\/lidertecsa.com.ar\/catalogo\/producto\/aspiradora-electrica-humedo-seco\/","title":{"rendered":"Aspiradora El\u00e9ctrica H\u00famedo\/seco"},"content":{"rendered":"<p>Sea polvo, l\u00edquido o suciedad, en casa o en la obra, el potente aspirador en seco y h\u00famedo TE-VC 2340 SACL de 1.500 vatios de Einhell limpia todas las superficies en profundidad. Equipado con una boquilla combinada para suelos lisos y con alfombras, una boquilla para tapicer\u00edas para asientos de coche y otros muebles tapizados, as\u00ed como una boquilla para juntas para esquinas dif\u00edcilmente accesibles, el aspirador supera cualquier obst\u00e1culo. Los nichos estrechos se pueden aspirar sin perder tiempo gracias a la funci\u00f3n de soplado, a fin de aspirar luego la suciedad. En el alcance del env\u00edo est\u00e1n contenidos adem\u00e1s un filtro de espuma para la aspiraci\u00f3n en h\u00famedo y un eficiente filtro de pliegues HEPA, as\u00ed como una duradera y resistente bolsa de velo para la aspiraci\u00f3n en seco. El filtro HEPA filtra por s\u00ed mismo las part\u00edculas m\u00e1s peque\u00f1as del aire y es especialmente apropiado para al\u00e9rgicos. Adem\u00e1s, el aspirador en seco y h\u00famedo satisface la clase de protecci\u00f3n frente al polvo L seg\u00fan la norma europea y por consiguiente se puede usar para la aspiraci\u00f3n en seco de polvo que constituye en riesgo para la salud, como polvo de yeso, cal y mica. Por consiguiente, el aspirador tambi\u00e9n es apropiado de forma \u00f3ptima para el uso en obras. Gracias a la regulaci\u00f3n de velocidad ajustable sin escalonamiento, la potencia de aspiraci\u00f3n de hasta 225 mbar tambi\u00e9n se puede adaptar individualmente a zonas de trabajo sensibles. Un innovador sistema de limpieza de filtro limpia el filtro pulsando un bot\u00f3n despu\u00e9s de un funcionamiento m\u00e1s prolongado o fuerte solicitaci\u00f3n por polvo y restablece la potencia de aspiraci\u00f3n m\u00e1xima. Con el enchufe autom\u00e1tico del equipo (potencia m\u00e1x. 1.900 W) se pueden conectar de forma pr\u00e1ctica equipos el\u00e9ctricos como rozadoras o lijadoras de construcci\u00f3n en seco, por lo que tambi\u00e9n se conecta y desconecta la aspiradora al conectar y desconectar la herramienta conectada. As\u00ed, el aspirador en seco y h\u00famedo sirve para una aspiraci\u00f3n limpia y suministro de corriente &#8211; y esto de forma extramadamente c\u00f3moda. El recipiente de acero inoxidable estable y resistente a la oxidaci\u00f3n puede tener una capacidad para suciedad y l\u00edquidos de hasta 40 litros y el agua aspirada se vac\u00eda f\u00e1cilmente mediante el tornillo de drenaje de agua integrado. Gracias a las ruedas, rodillos y asa de trolley, el aspirador en seco y h\u00famedo se puede transportar sin esfuerzo al lugar de uso. El robusto tubo de aspiraci\u00f3n de pl\u00e1stico de 3 m con un di\u00e1metro de 36 mil\u00edmetros y el cable de 6 metros dan lugar a un radio de uso de 9 metros, as\u00ed el aspirador tambi\u00e9n se puede utilizar para usos por encima de la cabeza. Gracias al soporte de accesorios, soporte de cable y soporte de tubo de aspiraci\u00f3n para el tubo telesc\u00f3pico de acero inoxidable con regulador de aire defectuoso, el aspirador y los accesorios se pueden guardar no solo de forma r\u00e1pida y limpia, sino tambi\u00e9n estar de nuevo listos para el uso de forma r\u00e1pida.<\/p>\n","protected":false},"excerpt":{"rendered":"<p>Potencia 1500 W &#8211; Potencia de aspiraci\u00f3n 225 mbar &#8211; recipiente de acero inoxidable capacidad para suciedad y l\u00edquidos de hasta 40 litros &#8211; Longitud de la manguera de aspiraci\u00f3n 3 m &#8211; Para polvos (OEL &gt;1 mg\/m\u00b3) y clase de polvo L seg\u00fan normas europeas &#8211; Incluye 3 metros de manguera de aspiraci\u00f3n de pl\u00e1stico resistente (\u00d8 36 mm) &#8211; Incl. HEPA pleated filter.<\/p>\n","protected":false},"featured_media":11293,"template":"","meta":{"_joinchat":[]},"product_cat":[181],"product_tag":[],"class_list":{"0":"post-11292","1":"product","2":"type-product","3":"status-publish","4":"has-post-thumbnail","6":"product_cat-herramientas-electricas","8":"first","9":"instock","10":"taxable","11":"shipping-taxable","12":"product-type-simple"},"_links":{"self":[{"href":"https:\/\/lidertecsa.com.ar\/catalogo\/wp-json\/wp\/v2\/product\/11292"}],"collection":[{"href":"https:\/\/lidertecsa.com.ar\/catalogo\/wp-json\/wp\/v2\/product"}],"about":[{"href":"https:\/\/lidertecsa.com.ar\/catalogo\/wp-json\/wp\/v2\/types\/product"}],"wp:featuredmedia":[{"embeddable":true,"href":"https:\/\/lidertecsa.com.ar\/catalogo\/wp-json\/wp\/v2\/media\/11293"}],"wp:attachment":[{"href":"https:\/\/lidertecsa.com.ar\/catalogo\/wp-json\/wp\/v2\/media?parent=11292"}],"wp:term":[{"taxonomy":"product_cat","embeddable":true,"href":"https:\/\/lidertecsa.com.ar\/catalogo\/wp-json\/wp\/v2\/product_cat?post=11292"},{"taxonomy":"product_tag","embeddable":true,"href":"https:\/\/lidertecsa.com.ar\/catalogo\/wp-json\/wp\/v2\/product_tag?post=11292"}],"curies":[{"name":"wp","href":"https:\/\/api.w.org\/{rel}","templated":true}]}}