{"id":11290,"date":"2025-12-22T11:16:08","date_gmt":"2025-12-22T14:16:08","guid":{"rendered":"https:\/\/lidertecsa.com.ar\/catalogo\/?post_type=product&#038;p=11290"},"modified":"2025-12-22T11:21:57","modified_gmt":"2025-12-22T14:21:57","slug":"aspiradora-electrica-seco-humedo","status":"publish","type":"product","link":"https:\/\/lidertecsa.com.ar\/catalogo\/producto\/aspiradora-electrica-seco-humedo\/","title":{"rendered":"Aspiradora El\u00e9ctrica seco-h\u00famedo"},"content":{"rendered":"<p>La potente aspiradora en seco y h\u00famedo Einhell TC-VC 3055 S es ideal para una limpieza a fondo en el hogar, el taller y el garaje. Con un consumo de energ\u00eda de 950 W y una potencia de succi\u00f3n de 190 mbar, elimina de manera fiable polvo, suciedad y l\u00edquidos de diversas superficies. Gracias a la conexi\u00f3n de soplado, incluso las zonas de dif\u00edcil acceso y los espacios estrechos pueden limpiarse f\u00e1cilmente expulsando los residuos.<\/p>\n<p>El equipo cuenta con un robusto dep\u00f3sito de acero inoxidable resistente a la corrosi\u00f3n, con una capacidad de 30 litros. La manguera de aspiraci\u00f3n de pl\u00e1stico de 2,5 m de largo (\u00d8 36 mm) y el tubo de aspiraci\u00f3n de pl\u00e1stico de 2 piezas garantizan un alto caudal de aire y un amplio rango de movimiento. Este radio de trabajo puede ampliarse hasta 5,5 m para una mayor libertad de movimiento gracias al cable de alimentaci\u00f3n de 3 m. Para un almacenamiento pr\u00e1ctico, el cable se puede enrollar en el portacables integrado.<\/p>\n<p>Gracias a sus cuatro ruedas resistentes y al asa de transporte integrada, la aspiradora en seco y h\u00famedo es m\u00f3vil y f\u00e1cil de transportar. Incluye una boquilla para ranuras para la limpieza de espacios estrechos y una boquilla combinada grande para alfombras y suelos lisos. Adem\u00e1s, se suministra con un filtro de espuma para limpieza en h\u00famedo, una bolsa de papel para la recogida de suciedad y un filtro plisado para aspiraci\u00f3n en seco. Esta aspiradora es una herramienta fiable y vers\u00e1til para afrontar distintas tareas de limpieza, combinando potencia, movilidad y practicidad en un solo dispositivo eficiente.<\/p>\n","protected":false},"excerpt":{"rendered":"<p>Potencia 950 W &#8211; Potencia de aspiraci\u00f3n 190 mbar -Longitud de la manguera de aspiraci\u00f3n 2.5 m &#8211; Recipiente de acero inoxidable de 30 litros.<\/p>\n","protected":false},"featured_media":11291,"template":"","meta":{"_joinchat":[]},"product_cat":[181],"product_tag":[],"class_list":{"0":"post-11290","1":"product","2":"type-product","3":"status-publish","4":"has-post-thumbnail","6":"product_cat-herramientas-electricas","8":"first","9":"instock","10":"taxable","11":"shipping-taxable","12":"product-type-simple"},"_links":{"self":[{"href":"https:\/\/lidertecsa.com.ar\/catalogo\/wp-json\/wp\/v2\/product\/11290"}],"collection":[{"href":"https:\/\/lidertecsa.com.ar\/catalogo\/wp-json\/wp\/v2\/product"}],"about":[{"href":"https:\/\/lidertecsa.com.ar\/catalogo\/wp-json\/wp\/v2\/types\/product"}],"wp:featuredmedia":[{"embeddable":true,"href":"https:\/\/lidertecsa.com.ar\/catalogo\/wp-json\/wp\/v2\/media\/11291"}],"wp:attachment":[{"href":"https:\/\/lidertecsa.com.ar\/catalogo\/wp-json\/wp\/v2\/media?parent=11290"}],"wp:term":[{"taxonomy":"product_cat","embeddable":true,"href":"https:\/\/lidertecsa.com.ar\/catalogo\/wp-json\/wp\/v2\/product_cat?post=11290"},{"taxonomy":"product_tag","embeddable":true,"href":"https:\/\/lidertecsa.com.ar\/catalogo\/wp-json\/wp\/v2\/product_tag?post=11290"}],"curies":[{"name":"wp","href":"https:\/\/api.w.org\/{rel}","templated":true}]}}