{"id":11272,"date":"2025-12-22T10:22:27","date_gmt":"2025-12-22T13:22:27","guid":{"rendered":"https:\/\/lidertecsa.com.ar\/catalogo\/?post_type=product&#038;p=11272"},"modified":"2025-12-22T10:29:12","modified_gmt":"2025-12-22T13:29:12","slug":"enrrollador-de-manguera-automatico","status":"publish","type":"product","link":"https:\/\/lidertecsa.com.ar\/catalogo\/producto\/enrrollador-de-manguera-automatico\/","title":{"rendered":"Enrrollador de Manguera Autom\u00e1tico"},"content":{"rendered":"<p>El tambor de manguera de aire comprimido TC-PH 150 de Einhell ya est\u00e1 a mano y listo para usar en todos los trabajos en casa, taller y garaje. As\u00ed la manguera se guarda de nuevo r\u00e1pido y seguro en un tris, evita tropiezos y peligros de ca\u00edda. El tambor de manguera se compone de una manguera de aire comprimido de 15 m y de conexi\u00f3n de 1,5 m (cada vez di\u00e1metro interior 9 mm). La presi\u00f3n de trabajo m\u00e1x. es de 16 bares. Ambas mangueras est\u00e1n hechas de una mezcla de goma-PVC. Este material hace flexible y resistente a pliegue las mangueras. Gracias a la reticulaci\u00f3n autom\u00e1tica es posible un trabajo descargado a tracci\u00f3n. Enrollado de manguera seguro se realiza gracias a la entrada lenta autom\u00e1tica. El enrollado apilado en capas impide un bloqueo de la manguera. El gancho en la carcasa permite la colocaci\u00f3n de una pistola de soplado. Inclusive el soporte de pared pivotable 170\u00ba tambi\u00e9n es para sector de uso flexible. Se env\u00eda accesorio de montaje para soporte de pared.<\/p>\n","protected":false},"excerpt":{"rendered":"<p>Manguera de aire comprimido 15 m y de conexi\u00f3n 1,5 m con di\u00e1metro interior 9 mm &#8211; Mangueras flexibles y resistente a pliegue de mezcla de goma &#8211; PVC. Presi\u00f3n de trabajo m\u00e1x.: 16 bares.<\/p>\n","protected":false},"featured_media":11273,"template":"","meta":{"_joinchat":[]},"product_cat":[230],"product_tag":[],"class_list":{"0":"post-11272","1":"product","2":"type-product","3":"status-publish","4":"has-post-thumbnail","6":"product_cat-herramientas-neumaticas-einhell","8":"first","9":"instock","10":"taxable","11":"shipping-taxable","12":"product-type-simple"},"_links":{"self":[{"href":"https:\/\/lidertecsa.com.ar\/catalogo\/wp-json\/wp\/v2\/product\/11272"}],"collection":[{"href":"https:\/\/lidertecsa.com.ar\/catalogo\/wp-json\/wp\/v2\/product"}],"about":[{"href":"https:\/\/lidertecsa.com.ar\/catalogo\/wp-json\/wp\/v2\/types\/product"}],"wp:featuredmedia":[{"embeddable":true,"href":"https:\/\/lidertecsa.com.ar\/catalogo\/wp-json\/wp\/v2\/media\/11273"}],"wp:attachment":[{"href":"https:\/\/lidertecsa.com.ar\/catalogo\/wp-json\/wp\/v2\/media?parent=11272"}],"wp:term":[{"taxonomy":"product_cat","embeddable":true,"href":"https:\/\/lidertecsa.com.ar\/catalogo\/wp-json\/wp\/v2\/product_cat?post=11272"},{"taxonomy":"product_tag","embeddable":true,"href":"https:\/\/lidertecsa.com.ar\/catalogo\/wp-json\/wp\/v2\/product_tag?post=11272"}],"curies":[{"name":"wp","href":"https:\/\/api.w.org\/{rel}","templated":true}]}}