{"id":11259,"date":"2025-12-19T10:31:00","date_gmt":"2025-12-19T13:31:00","guid":{"rendered":"https:\/\/lidertecsa.com.ar\/catalogo\/?post_type=product&#038;p=11259"},"modified":"2025-12-19T10:34:02","modified_gmt":"2025-12-19T13:34:02","slug":"tijera-de-podar-inalambrica","status":"publish","type":"product","link":"https:\/\/lidertecsa.com.ar\/catalogo\/producto\/tijera-de-podar-inalambrica\/","title":{"rendered":"Tijera de podar inal\u00e1mbrica"},"content":{"rendered":"<p>Las tijeras de podar inal\u00e1mbricas profesionales Einhell GP-LS 18\/35 Li BL-Solo son la herramienta ideal para recortar rosas, arbustos, plantas perennes y \u00e1rboles frutales, ya sea para jardiner\u00eda profesional o uso dom\u00e9stico. Como parte de la familia Einhell Power X-Change, se pueden usar con cualquier bater\u00eda y cargador de la gama. El dispositivo est\u00e1 impulsado por un motor Einhell sin carbones, que ofrece m\u00e1s potencia y mayor vida \u00fatil que los motores convencionales con carbones. Tras el registro online, el motor sin carbones cuenta con 10 a\u00f1os de garant\u00eda. Estas tijeras inal\u00e1mbricas cortan sin esfuerzo ramas de hasta 35 mm de grosor a una altura de trabajo de hasta 3 metros. Las ramas m\u00e1s finas de hasta 25 mm pueden cortarse m\u00e1s r\u00e1pido. La capacidad de corte se ajusta con solo presionar un bot\u00f3n directamente en el mango, que tiene superficie soft grip para un manejo c\u00f3modo. Las cuchillas bypass de acero SK5 de alta calidad aseguran cortes limpios y precisos sin aplastar. Se pueden accionar f\u00e1cilmente desde el mango para un uso pr\u00e1ctico. Un gancho met\u00e1lico resistente est\u00e1 integrado para retirar ramas cortadas desde la copa, mientras que una cubierta pl\u00e1stica robusta garantiza un almacenamiento seguro. Para la protecci\u00f3n \u00f3ptima de la bater\u00eda, puede montarse un armaz\u00f3n de acero. Las tijeras de podar inal\u00e1mbricas profesionales Einhell GP-LS 18\/35 Li BL-Solo se entregan sin bater\u00eda ni cargador. Estos est\u00e1n disponibles por separado, por ejemplo, en un set inicial pr\u00e1ctico.<\/p>\n<p>&nbsp;<\/p>\n","protected":false},"excerpt":{"rendered":"<p>Miembro de la familia Power X-Change &#8211; Motor sin escobillas (brushless) &#8211; Permite cortan sin esfuerzo ramas de hasta 35 mm de grosor a una altura de trabajo de hasta 3 metros.<\/p>\n","protected":false},"featured_media":11260,"template":"","meta":{"_joinchat":[]},"product_cat":[50],"product_tag":[],"class_list":{"0":"post-11259","1":"product","2":"type-product","3":"status-publish","4":"has-post-thumbnail","6":"product_cat-herramientas-a-bateria","8":"first","9":"instock","10":"taxable","11":"shipping-taxable","12":"product-type-simple"},"_links":{"self":[{"href":"https:\/\/lidertecsa.com.ar\/catalogo\/wp-json\/wp\/v2\/product\/11259"}],"collection":[{"href":"https:\/\/lidertecsa.com.ar\/catalogo\/wp-json\/wp\/v2\/product"}],"about":[{"href":"https:\/\/lidertecsa.com.ar\/catalogo\/wp-json\/wp\/v2\/types\/product"}],"wp:featuredmedia":[{"embeddable":true,"href":"https:\/\/lidertecsa.com.ar\/catalogo\/wp-json\/wp\/v2\/media\/11260"}],"wp:attachment":[{"href":"https:\/\/lidertecsa.com.ar\/catalogo\/wp-json\/wp\/v2\/media?parent=11259"}],"wp:term":[{"taxonomy":"product_cat","embeddable":true,"href":"https:\/\/lidertecsa.com.ar\/catalogo\/wp-json\/wp\/v2\/product_cat?post=11259"},{"taxonomy":"product_tag","embeddable":true,"href":"https:\/\/lidertecsa.com.ar\/catalogo\/wp-json\/wp\/v2\/product_tag?post=11259"}],"curies":[{"name":"wp","href":"https:\/\/api.w.org\/{rel}","templated":true}]}}