{"id":11257,"date":"2025-12-19T10:24:06","date_gmt":"2025-12-19T13:24:06","guid":{"rendered":"https:\/\/lidertecsa.com.ar\/catalogo\/?post_type=product&#038;p=11257"},"modified":"2025-12-19T10:29:21","modified_gmt":"2025-12-19T13:29:21","slug":"professional-lijadora-pulidora-rotorbital-inalambrica","status":"publish","type":"product","link":"https:\/\/lidertecsa.com.ar\/catalogo\/producto\/professional-lijadora-pulidora-rotorbital-inalambrica\/","title":{"rendered":"PROFESSIONAL Lijadora pulidora rotorbital inal\u00e1mbrica"},"content":{"rendered":"<p>La pulidora exc\u00e9ntrica inal\u00e1mbrica profesional Einhell CP-EP 18\/125 Li BL-Solo es imprescindible para el cuidado profesional de veh\u00edculos. La herramienta est\u00e1 equipada con un motor Einhell sin carbones. Este motor ofrece m\u00e1s potencia y mayor autonom\u00eda que un motor convencional con carbones. Tras el registro en l\u00ednea, el motor tiene una garant\u00eda de 10 a\u00f1os. Como miembro de la familia Power X-Change, la pulidora exc\u00e9ntrica es compatible con todas las bater\u00edas y cargadores del sistema, ofreciendo m\u00e1xima potencia y libertad sin cables. La funci\u00f3n exc\u00e9ntrica combina movimientos circulares y rotacionales para obtener resultados de pulido \u00f3ptimos y sin marcas, con una \u00f3rbita de 8 mm. La velocidad se ajusta electr\u00f3nicamente de 500 a 3.800 revoluciones por minuto y se adapta al \u00e1rea de aplicaci\u00f3n correspondiente. Con el arranque suave, la caperuza de pulido comienza lentamente para evitar salpicaduras. El pomo y el asa adicional garantizan un manejo ergon\u00f3mico y preciso, ayudando a obtener resultados exactos. La caperuza de pulido \u00d8 125 mm cuenta con fijaci\u00f3n micro velcro, lo que permite cambiar accesorios f\u00e1cil y r\u00e1pidamente. Se incluyen tres almohadillas de pulido con diferentes grados de dureza. La pulidora exc\u00e9ntrica inal\u00e1mbrica se suministra sin bater\u00eda ni cargador, que est\u00e1n disponibles por separado.<\/p>\n<p>&nbsp;<\/p>\n","protected":false},"excerpt":{"rendered":"<p>Miembro de la familia Power X-Change &#8211; Motor sin escobillas (brushless) &#8211; Funci\u00f3n exc\u00e9ntrica para un acabado \u00f3ptimo y uniforme &#8211; Control electr\u00f3nico de velocidad (500-3800 min^-1) &#8211; Arranque suave: inicio lento para evitar salpicaduras de pulido &#8211; La caperuza de pulido \u00d8 125 mm cuenta con fijaci\u00f3n micro velcro.<\/p>\n","protected":false},"featured_media":11258,"template":"","meta":{"_joinchat":[]},"product_cat":[50],"product_tag":[],"class_list":{"0":"post-11257","1":"product","2":"type-product","3":"status-publish","4":"has-post-thumbnail","6":"product_cat-herramientas-a-bateria","8":"first","9":"instock","10":"taxable","11":"shipping-taxable","12":"product-type-simple"},"_links":{"self":[{"href":"https:\/\/lidertecsa.com.ar\/catalogo\/wp-json\/wp\/v2\/product\/11257"}],"collection":[{"href":"https:\/\/lidertecsa.com.ar\/catalogo\/wp-json\/wp\/v2\/product"}],"about":[{"href":"https:\/\/lidertecsa.com.ar\/catalogo\/wp-json\/wp\/v2\/types\/product"}],"wp:featuredmedia":[{"embeddable":true,"href":"https:\/\/lidertecsa.com.ar\/catalogo\/wp-json\/wp\/v2\/media\/11258"}],"wp:attachment":[{"href":"https:\/\/lidertecsa.com.ar\/catalogo\/wp-json\/wp\/v2\/media?parent=11257"}],"wp:term":[{"taxonomy":"product_cat","embeddable":true,"href":"https:\/\/lidertecsa.com.ar\/catalogo\/wp-json\/wp\/v2\/product_cat?post=11257"},{"taxonomy":"product_tag","embeddable":true,"href":"https:\/\/lidertecsa.com.ar\/catalogo\/wp-json\/wp\/v2\/product_tag?post=11257"}],"curies":[{"name":"wp","href":"https:\/\/api.w.org\/{rel}","templated":true}]}}