{"id":11253,"date":"2025-12-19T10:15:07","date_gmt":"2025-12-19T13:15:07","guid":{"rendered":"https:\/\/lidertecsa.com.ar\/catalogo\/?post_type=product&#038;p=11253"},"modified":"2025-12-19T10:18:16","modified_gmt":"2025-12-19T13:18:16","slug":"professional-mini-motosierra-inalambrica","status":"publish","type":"product","link":"https:\/\/lidertecsa.com.ar\/catalogo\/producto\/professional-mini-motosierra-inalambrica\/","title":{"rendered":"PROFESSIONAL Mini motosierra inal\u00e1mbrica"},"content":{"rendered":"<p>La motosierra de poda inal\u00e1mbrica Einhell Professional GP-PS 18\/20 Li BL-Solo es una herramienta vers\u00e1til y manejable, ideal para cortes de retorno y formaci\u00f3n en \u00e1rboles y arbustos, triturado de restos verdes y corte de maderas peque\u00f1as. Forma parte de la familia Power X-Change de Einhell, por lo que es compatible con todas las bater\u00edas y cargadores del sistema.<\/p>\n<p>El equipo est\u00e1 impulsado por un motor sin carbones Einhell, que ofrece mayor potencia y mayor autonom\u00eda que los motores con escobillas convencionales. Al registrarlo en l\u00ednea, el motor cuenta con 10 a\u00f1os de garant\u00eda. Con una espada de 19,2 cm y una longitud de corte de 15 cm, esta sierra compacta y liviana es perfecta para un uso flexible en el jard\u00edn. El motor eficiente reduce las vibraciones y alcanza una velocidad de cadena de hasta 8 m\/s.<\/p>\n<p>Incluye un conjunto de espada y cadena de alta calidad para cortes precisos y resultados \u00f3ptimos. El cambio de cadena y espada, as\u00ed como el tensado, se realizan f\u00e1cilmente sin herramientas mediante un mando giratorio. Para mayor seguridad y control, dispone de un protector de mano integrado y una cubierta de cadena plegable.<\/p>\n<p>Su dise\u00f1o ergon\u00f3mico con empu\u00f1adura delgada, superficies Softgrip y zona de apoyo para uso a dos manos garantiza comodidad durante el trabajo. La cubierta de espada protege la herramienta durante el almacenamiento. Para el llenado limpio del sistema de lubricaci\u00f3n autom\u00e1tica de cadena, se incluye un embudo para aceite.<\/p>\n<p>Se entrega sin bater\u00eda ni cargador; ambos est\u00e1n disponibles por separado como set de inicio.<\/p>\n","protected":false},"excerpt":{"rendered":"<p>Miembro de la familia Power X-Change, requiere 1 bater\u00eda de 18 V -Motor sin carbones \u2013 m\u00e1s potencia y mayor autonom\u00eda. Sin carbones \u2013 10 a\u00f1os de garant\u00eda en el motor con registro. Perfecta para cortes de retorno y de formaci\u00f3n en \u00e1rboles y arbustos. Ideal para triturar restos verdes y cortar madera escuadrada.<\/p>\n","protected":false},"featured_media":11254,"template":"","meta":{"_joinchat":[]},"product_cat":[50],"product_tag":[],"class_list":{"0":"post-11253","1":"product","2":"type-product","3":"status-publish","4":"has-post-thumbnail","6":"product_cat-herramientas-a-bateria","8":"first","9":"instock","10":"taxable","11":"shipping-taxable","12":"product-type-simple"},"_links":{"self":[{"href":"https:\/\/lidertecsa.com.ar\/catalogo\/wp-json\/wp\/v2\/product\/11253"}],"collection":[{"href":"https:\/\/lidertecsa.com.ar\/catalogo\/wp-json\/wp\/v2\/product"}],"about":[{"href":"https:\/\/lidertecsa.com.ar\/catalogo\/wp-json\/wp\/v2\/types\/product"}],"wp:featuredmedia":[{"embeddable":true,"href":"https:\/\/lidertecsa.com.ar\/catalogo\/wp-json\/wp\/v2\/media\/11254"}],"wp:attachment":[{"href":"https:\/\/lidertecsa.com.ar\/catalogo\/wp-json\/wp\/v2\/media?parent=11253"}],"wp:term":[{"taxonomy":"product_cat","embeddable":true,"href":"https:\/\/lidertecsa.com.ar\/catalogo\/wp-json\/wp\/v2\/product_cat?post=11253"},{"taxonomy":"product_tag","embeddable":true,"href":"https:\/\/lidertecsa.com.ar\/catalogo\/wp-json\/wp\/v2\/product_tag?post=11253"}],"curies":[{"name":"wp","href":"https:\/\/api.w.org\/{rel}","templated":true}]}}