{"id":11249,"date":"2025-12-19T10:06:03","date_gmt":"2025-12-19T13:06:03","guid":{"rendered":"https:\/\/lidertecsa.com.ar\/catalogo\/?post_type=product&#038;p=11249"},"modified":"2025-12-19T10:09:23","modified_gmt":"2025-12-19T13:09:23","slug":"multiherramienta-inalambrica-de-corte","status":"publish","type":"product","link":"https:\/\/lidertecsa.com.ar\/catalogo\/producto\/multiherramienta-inalambrica-de-corte\/","title":{"rendered":"Multiherramienta Inal\u00e1mbrica de corte"},"content":{"rendered":"<p>La Einhell cortadora universal con bater\u00eda TE-UC 18\/6 Li-Solo es un ayudante \u00f3ptimo en casa y en el taller. Como parte de la familia Power X-Change, cada bater\u00eda y cargador es compatible con las tijeras universales. La cortadora de cart\u00f3n est\u00e1 equipada con una cuchilla premontada y autoafilable que corta materiales con un grosor de hasta 6 mm. Los materiales como diversos tejidos, caucho, cart\u00f3n, c\u00e9sped artificial, cuero y piel sint\u00e9tica, lin\u00f3leo, pl\u00e1stico, PVC o alfombras se pueden mecanizar sin esfuerzo. El indicador de l\u00ednea de corte integrado y la luz LED brillante ayudan a cortar con precisi\u00f3n y permiten una visi\u00f3n \u00f3ptima del borde de corte. El interruptor con funci\u00f3n de bloqueo y la empu\u00f1adura ergon\u00f3mica con agarre suave garantizan un trabajo c\u00f3modo y sin fatiga. La Einhell cortadora universal con bater\u00eda se suministra sin bater\u00eda ni cargador. Son adquiribles por separado.<\/p>\n","protected":false},"excerpt":{"rendered":"<p>Miembro de la familia Power X-Change &#8211; Cuchilla circular autoafilable de 44 mm y una velocidad de ralent\u00ed de hasta 400 rpm, el cortador de cart\u00f3n puede cortar materiales de hasta 6 mm de grosor.<\/p>\n","protected":false},"featured_media":11250,"template":"","meta":{"_joinchat":[]},"product_cat":[50],"product_tag":[],"class_list":{"0":"post-11249","1":"product","2":"type-product","3":"status-publish","4":"has-post-thumbnail","6":"product_cat-herramientas-a-bateria","8":"first","9":"instock","10":"taxable","11":"shipping-taxable","12":"product-type-simple"},"_links":{"self":[{"href":"https:\/\/lidertecsa.com.ar\/catalogo\/wp-json\/wp\/v2\/product\/11249"}],"collection":[{"href":"https:\/\/lidertecsa.com.ar\/catalogo\/wp-json\/wp\/v2\/product"}],"about":[{"href":"https:\/\/lidertecsa.com.ar\/catalogo\/wp-json\/wp\/v2\/types\/product"}],"wp:featuredmedia":[{"embeddable":true,"href":"https:\/\/lidertecsa.com.ar\/catalogo\/wp-json\/wp\/v2\/media\/11250"}],"wp:attachment":[{"href":"https:\/\/lidertecsa.com.ar\/catalogo\/wp-json\/wp\/v2\/media?parent=11249"}],"wp:term":[{"taxonomy":"product_cat","embeddable":true,"href":"https:\/\/lidertecsa.com.ar\/catalogo\/wp-json\/wp\/v2\/product_cat?post=11249"},{"taxonomy":"product_tag","embeddable":true,"href":"https:\/\/lidertecsa.com.ar\/catalogo\/wp-json\/wp\/v2\/product_tag?post=11249"}],"curies":[{"name":"wp","href":"https:\/\/api.w.org\/{rel}","templated":true}]}}