{"id":11247,"date":"2025-12-19T10:00:13","date_gmt":"2025-12-19T13:00:13","guid":{"rendered":"https:\/\/lidertecsa.com.ar\/catalogo\/?post_type=product&#038;p=11247"},"modified":"2025-12-19T10:03:10","modified_gmt":"2025-12-19T13:03:10","slug":"amoladora-angular-inalambrica-3","status":"publish","type":"product","link":"https:\/\/lidertecsa.com.ar\/catalogo\/producto\/amoladora-angular-inalambrica-3\/","title":{"rendered":"Amoladora angular inal\u00e1mbrica"},"content":{"rendered":"<p>La amoladora angular inal\u00e1mbrica Einhell TE-AG 18\/125-2 Li (1x 4,0 Ah) es una herramienta vers\u00e1til para lijar, cortar y pulir metal, piedra y otros materiales, dependiendo del disco utilizado. Como parte de la familia Power X-Change, requiere una bater\u00eda de 18V de la serie de sistema flexible.<\/p>\n<p>El protector de disco con ajuste r\u00e1pido y el protector de corte deslizante permiten un trabajo flexible, mientras que su dise\u00f1o delgado y el mango adicional ajustable en dos posiciones garantizan un uso c\u00f3modo. Con una profundidad m\u00e1xima de corte de 33 mm y discos de hasta 125 mm de di\u00e1metro, la amoladora es ideal para diversas aplicaciones.<\/p>\n<p>Las funciones de arranque suave (Softstart) y protecci\u00f3n contra reinicio aumentan la seguridad, mientras que la desacoplamiento del motor y la transmisi\u00f3n garantiza un funcionamiento estable y sin vibraciones. Su robusta carcasa de aluminio, junto con la protecci\u00f3n contra sobrecarga, aseguran una larga vida \u00fatil.<\/p>\n<p>Dos filtros de polvo integrados protegen el interior de la herramienta de la suciedad y, combinados con el sistema de ventilaci\u00f3n inteligente, prolongan la durabilidad del equipo. Los filtros pueden retirarse f\u00e1cilmente para su limpieza.<\/p>\n<p>Una base de apoyo especial permite colocar la herramienta de forma segura sin riesgo de vuelco. Adem\u00e1s, el protector de corte desmontable incluido proporciona mayor seguridad para diferentes tipos de trabajo.<\/p>\n","protected":false},"excerpt":{"rendered":"<p>Miembro de la familia Power X-Change &#8211; Di\u00e1metro m\u00e1x. del disco: 125 mm &#8211; Profundidad de corte m\u00e1x.: 33 mm &#8211; Con una velocidad de 8.500 r.p.m.<\/p>\n","protected":false},"featured_media":11248,"template":"","meta":{"_joinchat":[]},"product_cat":[50],"product_tag":[],"class_list":{"0":"post-11247","1":"product","2":"type-product","3":"status-publish","4":"has-post-thumbnail","6":"product_cat-herramientas-a-bateria","8":"first","9":"instock","10":"taxable","11":"shipping-taxable","12":"product-type-simple"},"_links":{"self":[{"href":"https:\/\/lidertecsa.com.ar\/catalogo\/wp-json\/wp\/v2\/product\/11247"}],"collection":[{"href":"https:\/\/lidertecsa.com.ar\/catalogo\/wp-json\/wp\/v2\/product"}],"about":[{"href":"https:\/\/lidertecsa.com.ar\/catalogo\/wp-json\/wp\/v2\/types\/product"}],"wp:featuredmedia":[{"embeddable":true,"href":"https:\/\/lidertecsa.com.ar\/catalogo\/wp-json\/wp\/v2\/media\/11248"}],"wp:attachment":[{"href":"https:\/\/lidertecsa.com.ar\/catalogo\/wp-json\/wp\/v2\/media?parent=11247"}],"wp:term":[{"taxonomy":"product_cat","embeddable":true,"href":"https:\/\/lidertecsa.com.ar\/catalogo\/wp-json\/wp\/v2\/product_cat?post=11247"},{"taxonomy":"product_tag","embeddable":true,"href":"https:\/\/lidertecsa.com.ar\/catalogo\/wp-json\/wp\/v2\/product_tag?post=11247"}],"curies":[{"name":"wp","href":"https:\/\/api.w.org\/{rel}","templated":true}]}}