{"id":11245,"date":"2025-12-19T09:52:27","date_gmt":"2025-12-19T12:52:27","guid":{"rendered":"https:\/\/lidertecsa.com.ar\/catalogo\/?post_type=product&#038;p=11245"},"modified":"2025-12-19T09:55:58","modified_gmt":"2025-12-19T12:55:58","slug":"amoladora-angular-inalambrica-2","status":"publish","type":"product","link":"https:\/\/lidertecsa.com.ar\/catalogo\/producto\/amoladora-angular-inalambrica-2\/","title":{"rendered":"Amoladora Angular Inal\u00e1mbrica"},"content":{"rendered":"<p>La amoladora angular con bater\u00eda TE-AXXIO 18\/115 de Einhell es un ayudante potente, inal\u00e1mbrico y c\u00f3modo en los trabajos en el taller, casa y garaje. La amoladora angular es miembro de la familia Power X-Change, en la que una bater\u00eda se puede utilizar en todos los equipos de la serie del sistema. Se pueden lograr resultados \u00f3ptimos hasta una profundidad de corte de 28 mm con un disco de corte de \u00d8 115 mm y una bater\u00eda de 2,5 Ah. El equipo se acciona por el motor sin escobillas PurePOWER de Einhell. Este motor sin escobillas ofrece m\u00e1s potencia y una vida \u00fatil m\u00e1s prolongada que los motores de escobillas de carbono convencionales. Tras un registro online se aplican 10 a\u00f1os de garant\u00eda en el motor sin escobillas. Dos rejillas de protecci\u00f3n al polvo integradas protegen el interior de la amoladora angular de suciedad y aumentan la vida \u00fatil en combinaci\u00f3n la conducci\u00f3n de aire inteligente. Las rejillas se pueden quitar para facilitar la limpieza. Con una velocidad de ralent\u00ed de 8.500 r.p.m. tambi\u00e9n se pueden realizar trabajos de desbaste y separaci\u00f3n exigentes. La funci\u00f3n de arranque suave y la protecci\u00f3n de reinicio cuidan el motor y sirven para la seguridad del usuario. Se puede trabajar c\u00f3modamente gracias a la forma constructiva compacta y ligera con empu\u00f1adura adicional, que puede montarse en 2 posiciones. El desacoplamiento del motor y la transmisi\u00f3n garantizan un funcionamiento suave y la protecci\u00f3n del disco, provisto de ajuste r\u00e1pido, permite un trabajo flexible. Adem\u00e1s, se suministra una protecci\u00f3n de corte. La amoladora angular con bater\u00eda est\u00e1 equipada con una protecci\u00f3n contra sobrecarga que, junto con una robusta carcasa de engranaje de aluminio, garantiza la durabilidad del equipo. El env\u00edo se realiza sin bater\u00eda ni cargador. Asimismo, un disco de corte adecuado es adquirible por separado.<\/p>\n","protected":false},"excerpt":{"rendered":"<p>Miembro de la familia Power X-Change &#8211; Motor sin escobillas (brushless) &#8211; Di\u00e1metro m\u00e1x. del disco: 115 mm &#8211; Potencia: 700 W &#8211; Profundidad de corte m\u00e1x.: 28 mm &#8211; Con una velocidad de 8.500 r.p.m.<\/p>\n","protected":false},"featured_media":11246,"template":"","meta":{"_joinchat":[]},"product_cat":[50],"product_tag":[],"class_list":{"0":"post-11245","1":"product","2":"type-product","3":"status-publish","4":"has-post-thumbnail","6":"product_cat-herramientas-a-bateria","8":"first","9":"instock","10":"taxable","11":"shipping-taxable","12":"product-type-simple"},"_links":{"self":[{"href":"https:\/\/lidertecsa.com.ar\/catalogo\/wp-json\/wp\/v2\/product\/11245"}],"collection":[{"href":"https:\/\/lidertecsa.com.ar\/catalogo\/wp-json\/wp\/v2\/product"}],"about":[{"href":"https:\/\/lidertecsa.com.ar\/catalogo\/wp-json\/wp\/v2\/types\/product"}],"wp:featuredmedia":[{"embeddable":true,"href":"https:\/\/lidertecsa.com.ar\/catalogo\/wp-json\/wp\/v2\/media\/11246"}],"wp:attachment":[{"href":"https:\/\/lidertecsa.com.ar\/catalogo\/wp-json\/wp\/v2\/media?parent=11245"}],"wp:term":[{"taxonomy":"product_cat","embeddable":true,"href":"https:\/\/lidertecsa.com.ar\/catalogo\/wp-json\/wp\/v2\/product_cat?post=11245"},{"taxonomy":"product_tag","embeddable":true,"href":"https:\/\/lidertecsa.com.ar\/catalogo\/wp-json\/wp\/v2\/product_tag?post=11245"}],"curies":[{"name":"wp","href":"https:\/\/api.w.org\/{rel}","templated":true}]}}