{"id":11239,"date":"2025-12-19T09:34:20","date_gmt":"2025-12-19T12:34:20","guid":{"rendered":"https:\/\/lidertecsa.com.ar\/catalogo\/?post_type=product&#038;p=11239"},"modified":"2025-12-22T09:34:54","modified_gmt":"2025-12-22T12:34:54","slug":"rotomartillo-inalambrico","status":"publish","type":"product","link":"https:\/\/lidertecsa.com.ar\/catalogo\/producto\/rotomartillo-inalambrico\/","title":{"rendered":"Rotomartillo Inal\u00e1mbrico"},"content":{"rendered":"<p>Familia PXC 18v &#8211; Motor sin escobillas (brushless) &#8211; 4 funciones: Taladrado, taladrado con percusi\u00f3n, cincelado con y sin tope &#8211; Portaherramientas SDS-Plus con operaci\u00f3n semiautom\u00e1tica &#8211; 3J Fuerza de impacto -P agujeros con di\u00e1metro hasta 40 mm en madera, 28 mm en hormig\u00f3n y 13 mm en metal.<\/p>\n","protected":false},"excerpt":{"rendered":"<p>Familia PXC 18v &#8211; Motor sin escobillas (brushless) &#8211; 4 funciones: Taladrado, taladrado con percusi\u00f3n, cincelado con y sin tope &#8211; Portaherramientas SDS-Plus con operaci\u00f3n semiautom\u00e1tica &#8211; 3J Fuerza de impacto -P agujeros con di\u00e1metro hasta 40 mm en madera, 28 mm en hormig\u00f3n y 13 mm en metal.<\/p>\n","protected":false},"featured_media":11240,"template":"","meta":{"_joinchat":[]},"product_cat":[50],"product_tag":[],"class_list":{"0":"post-11239","1":"product","2":"type-product","3":"status-publish","4":"has-post-thumbnail","6":"product_cat-herramientas-a-bateria","8":"first","9":"instock","10":"taxable","11":"shipping-taxable","12":"product-type-simple"},"_links":{"self":[{"href":"https:\/\/lidertecsa.com.ar\/catalogo\/wp-json\/wp\/v2\/product\/11239"}],"collection":[{"href":"https:\/\/lidertecsa.com.ar\/catalogo\/wp-json\/wp\/v2\/product"}],"about":[{"href":"https:\/\/lidertecsa.com.ar\/catalogo\/wp-json\/wp\/v2\/types\/product"}],"wp:featuredmedia":[{"embeddable":true,"href":"https:\/\/lidertecsa.com.ar\/catalogo\/wp-json\/wp\/v2\/media\/11240"}],"wp:attachment":[{"href":"https:\/\/lidertecsa.com.ar\/catalogo\/wp-json\/wp\/v2\/media?parent=11239"}],"wp:term":[{"taxonomy":"product_cat","embeddable":true,"href":"https:\/\/lidertecsa.com.ar\/catalogo\/wp-json\/wp\/v2\/product_cat?post=11239"},{"taxonomy":"product_tag","embeddable":true,"href":"https:\/\/lidertecsa.com.ar\/catalogo\/wp-json\/wp\/v2\/product_tag?post=11239"}],"curies":[{"name":"wp","href":"https:\/\/api.w.org\/{rel}","templated":true}]}}