{"id":11237,"date":"2025-12-19T09:32:52","date_gmt":"2025-12-19T12:32:52","guid":{"rendered":"https:\/\/lidertecsa.com.ar\/catalogo\/?post_type=product&#038;p=11237"},"modified":"2025-12-19T09:33:00","modified_gmt":"2025-12-19T12:33:00","slug":"llave-de-impacto-inalambrica","status":"publish","type":"product","link":"https:\/\/lidertecsa.com.ar\/catalogo\/producto\/llave-de-impacto-inalambrica\/","title":{"rendered":"Llave de Impacto Inal\u00e1mbrica"},"content":{"rendered":"<p>La llave de impacto a bater\u00eda Einhell Professional TP-CW 18\/350-C Li BL-Solo es una herramienta potente para cambios de neum\u00e1ticos f\u00e1ciles y trabajos de atornillado eficientes. Como parte de nuestra familia Power X-Change, puede utilizarse con cualquier bater\u00eda o cargador de la serie del sistema. La herramienta est\u00e1 impulsada por un motor sin escobillas Einhell. Este motor sin escobillas proporciona m\u00e1s potencia y mayor duraci\u00f3n que un motor convencional con escobillas de carb\u00f3n. Una vez que te registras en l\u00ednea, hay una garant\u00eda de 10 a\u00f1os para el motor sin escobillas. Compacta, ligera y aun as\u00ed potente: la llave de impacto a bater\u00eda Einhell Professional est\u00e1 dise\u00f1ada para ser aproximadamente un 20% m\u00e1s compacta en comparaci\u00f3n con llaves de impacto similares. Esto la hace lo m\u00e1s flexible posible y c\u00f3moda de usar. Con su potente mecanismo de impacto, el destornillador es ideal para aflojar y apretar pernos de rueda. La llave de impacto profesional tiene un portaherramientas cuadrado externo de 1\/2&#8243; (12,7 mm) y ofrece un par m\u00e1ximo de 350 Nm. El par de aflojamiento m\u00e1ximo es de 600 Nm. El nivel de par y la velocidad tambi\u00e9n pueden adaptarse al material correspondiente en tres configuraciones. Puedes utilizar la configuraci\u00f3n adicional de parada autom\u00e1tica para apretar perfectamente pernos y tuercas de rueda, ya que la llave de impacto se detiene a un m\u00e1ximo de aprox. 100 Nm para evitar el sobreapriete y permitir el apriete final con una llave dinamom\u00e9trica. Con la funci\u00f3n de parada autom\u00e1tica, el dispositivo se detiene autom\u00e1ticamente al desenroscar tornillos en cuanto no se detecta resistencia. Puedes usar el adaptador de punta hexagonal interna suministrado para atornillar tornillos grandes y largos de madera sin problemas. Una luz LED integrada garantiza siempre una visibilidad \u00f3ptima. Para tener ambas manos libres r\u00e1pidamente mientras trabajas, se incluye un clip para cintur\u00f3n que permite guardar la llave de impacto f\u00e1cilmente de forma provisional. Se suministra un juego de tuercas con vasos en los tama\u00f1os m\u00e1s comunes para el cambio de neum\u00e1ticos. La herramienta no incluye bater\u00eda ni cargador; estos est\u00e1n disponibles por separado.<\/p>\n","protected":false},"excerpt":{"rendered":"<p>Familia PXC 18v &#8211; Motor sin escobillas (brushless) &#8211; Compacta y potente, portaherramientas cuadrado externo de 1\/2&#8243; (12,7 mm) y ofrece un par m\u00e1ximo de 350 Nm &#8211; El par de aflojamiento m\u00e1ximo es de 600 Nm &#8211; 3 niveles para un ajuste \u00f3ptimo del par de torsi\u00f3n y las rpm &#8211; Configuraci\u00f3n de auto-parada para facilitar el cambio de neum\u00e1ticos.<\/p>\n","protected":false},"featured_media":11238,"template":"","meta":{"_joinchat":[]},"product_cat":[50],"product_tag":[],"class_list":{"0":"post-11237","1":"product","2":"type-product","3":"status-publish","4":"has-post-thumbnail","6":"product_cat-herramientas-a-bateria","8":"first","9":"instock","10":"taxable","11":"shipping-taxable","12":"product-type-simple"},"_links":{"self":[{"href":"https:\/\/lidertecsa.com.ar\/catalogo\/wp-json\/wp\/v2\/product\/11237"}],"collection":[{"href":"https:\/\/lidertecsa.com.ar\/catalogo\/wp-json\/wp\/v2\/product"}],"about":[{"href":"https:\/\/lidertecsa.com.ar\/catalogo\/wp-json\/wp\/v2\/types\/product"}],"wp:featuredmedia":[{"embeddable":true,"href":"https:\/\/lidertecsa.com.ar\/catalogo\/wp-json\/wp\/v2\/media\/11238"}],"wp:attachment":[{"href":"https:\/\/lidertecsa.com.ar\/catalogo\/wp-json\/wp\/v2\/media?parent=11237"}],"wp:term":[{"taxonomy":"product_cat","embeddable":true,"href":"https:\/\/lidertecsa.com.ar\/catalogo\/wp-json\/wp\/v2\/product_cat?post=11237"},{"taxonomy":"product_tag","embeddable":true,"href":"https:\/\/lidertecsa.com.ar\/catalogo\/wp-json\/wp\/v2\/product_tag?post=11237"}],"curies":[{"name":"wp","href":"https:\/\/api.w.org\/{rel}","templated":true}]}}