{"id":11233,"date":"2025-12-19T09:06:30","date_gmt":"2025-12-19T12:06:30","guid":{"rendered":"https:\/\/lidertecsa.com.ar\/catalogo\/?post_type=product&#038;p=11233"},"modified":"2025-12-19T09:10:59","modified_gmt":"2025-12-19T12:10:59","slug":"neutral-clean-ac-anton-chem","status":"publish","type":"product","link":"https:\/\/lidertecsa.com.ar\/catalogo\/producto\/neutral-clean-ac-anton-chem\/","title":{"rendered":"Neutral Clean AC Anton Chem"},"content":{"rendered":"<p>Agente de limpieza dise\u00f1ado exclusivamente para remover suciedad de evaporadores y condensadores de equipos de refrigeraci\u00f3n.<\/p>\n<p><strong>Aplicaciones usuales:\u00a0<\/strong><\/p>\n<ul>\n<li>Limpieza de evaporadores y condensadores de equipos de refrigeraci\u00f3n. Remoci\u00f3n de polvos, aceites y grasas de acumulaci\u00f3n superficial.<\/li>\n<\/ul>\n<p><strong>Presentaci\u00f3n:<\/strong> envase de 1 litro con gatillo.<\/p>\n<p>&nbsp;<\/p>\n","protected":false},"excerpt":{"rendered":"<p>Agente de limpieza dise\u00f1ado exclusivamente para remover suciedad de evaporadores y condensadores de equipos de refrigeraci\u00f3n.<\/p>\n","protected":false},"featured_media":11234,"template":"","meta":{"_joinchat":[]},"product_cat":[1562],"product_tag":[],"class_list":{"0":"post-11233","1":"product","2":"type-product","3":"status-publish","4":"has-post-thumbnail","6":"product_cat-accesorios-varios-todo-para-refrigeracion","8":"first","9":"instock","10":"taxable","11":"shipping-taxable","12":"product-type-simple"},"_links":{"self":[{"href":"https:\/\/lidertecsa.com.ar\/catalogo\/wp-json\/wp\/v2\/product\/11233"}],"collection":[{"href":"https:\/\/lidertecsa.com.ar\/catalogo\/wp-json\/wp\/v2\/product"}],"about":[{"href":"https:\/\/lidertecsa.com.ar\/catalogo\/wp-json\/wp\/v2\/types\/product"}],"wp:featuredmedia":[{"embeddable":true,"href":"https:\/\/lidertecsa.com.ar\/catalogo\/wp-json\/wp\/v2\/media\/11234"}],"wp:attachment":[{"href":"https:\/\/lidertecsa.com.ar\/catalogo\/wp-json\/wp\/v2\/media?parent=11233"}],"wp:term":[{"taxonomy":"product_cat","embeddable":true,"href":"https:\/\/lidertecsa.com.ar\/catalogo\/wp-json\/wp\/v2\/product_cat?post=11233"},{"taxonomy":"product_tag","embeddable":true,"href":"https:\/\/lidertecsa.com.ar\/catalogo\/wp-json\/wp\/v2\/product_tag?post=11233"}],"curies":[{"name":"wp","href":"https:\/\/api.w.org\/{rel}","templated":true}]}}