{"id":112,"date":"2023-06-06T19:28:25","date_gmt":"2023-06-06T22:28:25","guid":{"rendered":"https:\/\/lidertecsa.com.ar\/catalogo\/?post_type=product&#038;p=112"},"modified":"2026-02-04T12:06:13","modified_gmt":"2026-02-04T15:06:13","slug":"trabasil-ab3-x-250g","status":"publish","type":"product","link":"https:\/\/lidertecsa.com.ar\/catalogo\/producto\/trabasil-ab3-x-250g\/","title":{"rendered":"Trabasil AB3 x 250g"},"content":{"rendered":"<div class=\"content\">\n<div class=\"ttl-subcat-producto\">\n<div class=\"content\">\n<div class=\"ttl-subcat-producto\">PARA GRANDES DI\u00c1METROS (HASTA 4&#8242;)<\/div>\n<\/div>\n<p>Permite el desarme con herramientas convencionales. Aprobado por el IGA Matr\u00edcula 1573-03<\/p>\n<ul class=\"ficha\">\n<li>Holgura m\u00e1xima diametral (mm.):\u00a00.50<\/li>\n<li>Viscosidad (mPa.s) :\u00a0Gel<\/li>\n<li>Torque quiebre (N.m):\u00a04-7<\/li>\n<li>Torque remanente (N.m):\u00a01-4<\/li>\n<li>Tiempo cura parcial (Minutos):\u00a020-40<\/li>\n<li>Tiempo cura total (Horas):\u00a020<\/li>\n<li>Resistencia temperatura (\u00b0C):\u00a0-50\u00b0C a +150\u00baC<\/li>\n<li>Usos: Sellado y fijaci\u00f3n de ca\u00f1er\u00edas, accesorios (v\u00e1lvulas, codos, niples, etc.) y artefactos de gas natural comprimido y gas licuado de petr\u00f3leo.<\/li>\n<\/ul>\n<\/div>\n<\/div>\n","protected":false},"excerpt":{"rendered":"<div class=\"content\">\n<div class=\"ttl-subcat-producto\">\n<div class=\"content\">\n<div class=\"ttl-subcat-producto\">ARA GRANDES DI\u00c1METROS (HASTA 4&#8242;)<\/div>\n<\/div>\n<p>Permite el desarme con herramientas convencionales. Aprobado por el IGA Matr\u00edcula 1573-03<\/p>\n<\/div>\n<\/div>\n","protected":false},"featured_media":115,"template":"","meta":{"_joinchat":[]},"product_cat":[39],"product_tag":[40],"class_list":{"0":"post-112","1":"product","2":"type-product","3":"status-publish","4":"has-post-thumbnail","6":"product_cat-serie-azul","7":"product_tag-holgura-maxima","9":"first","10":"instock","11":"taxable","12":"shipping-taxable","13":"product-type-simple"},"_links":{"self":[{"href":"https:\/\/lidertecsa.com.ar\/catalogo\/wp-json\/wp\/v2\/product\/112"}],"collection":[{"href":"https:\/\/lidertecsa.com.ar\/catalogo\/wp-json\/wp\/v2\/product"}],"about":[{"href":"https:\/\/lidertecsa.com.ar\/catalogo\/wp-json\/wp\/v2\/types\/product"}],"wp:featuredmedia":[{"embeddable":true,"href":"https:\/\/lidertecsa.com.ar\/catalogo\/wp-json\/wp\/v2\/media\/115"}],"wp:attachment":[{"href":"https:\/\/lidertecsa.com.ar\/catalogo\/wp-json\/wp\/v2\/media?parent=112"}],"wp:term":[{"taxonomy":"product_cat","embeddable":true,"href":"https:\/\/lidertecsa.com.ar\/catalogo\/wp-json\/wp\/v2\/product_cat?post=112"},{"taxonomy":"product_tag","embeddable":true,"href":"https:\/\/lidertecsa.com.ar\/catalogo\/wp-json\/wp\/v2\/product_tag?post=112"}],"curies":[{"name":"wp","href":"https:\/\/api.w.org\/{rel}","templated":true}]}}