{"id":11177,"date":"2025-11-12T09:39:43","date_gmt":"2025-11-12T12:39:43","guid":{"rendered":"https:\/\/lidertecsa.com.ar\/catalogo\/?post_type=product&#038;p=11177"},"modified":"2025-11-12T11:31:53","modified_gmt":"2025-11-12T14:31:53","slug":"lentes-gaseosos-tig-ferrolan","status":"publish","type":"product","link":"https:\/\/lidertecsa.com.ar\/catalogo\/producto\/lentes-gaseosos-tig-ferrolan\/","title":{"rendered":"Lentes gaseosos TIG Ferrolan"},"content":{"rendered":"<table>\n<thead>\n<tr>\n<th align=\"left\">C\u00f3digo<\/th>\n<th align=\"left\">Di\u00e1metro<\/th>\n<th align=\"left\">Compatible con antorcha WP<\/th>\n<th align=\"left\">Precio en USD<\/th>\n<\/tr>\n<\/thead>\n<tbody>\n<tr>\n<td align=\"left\">11GL18<\/td>\n<td align=\"left\">\u00d8 3.2 mm<\/td>\n<td align=\"left\">WP-12<\/td>\n<td align=\"left\">24,24<\/td>\n<\/tr>\n<tr>\n<td align=\"left\">11GL32<\/td>\n<td align=\"left\">\u00d8 2.4 mm<\/td>\n<td align=\"left\">WP-12<\/td>\n<td align=\"left\">24,24<\/td>\n<\/tr>\n<tr>\n<td align=\"left\">45V24<\/td>\n<td align=\"left\">\u00d8 1.0 mm<\/td>\n<td align=\"left\">WP-17 \/ 18 \/ 26<\/td>\n<td align=\"left\">9,42<\/td>\n<\/tr>\n<tr>\n<td align=\"left\">45V25<\/td>\n<td align=\"left\">\u00d8 1.6 mm<\/td>\n<td align=\"left\">WP-17 \/ 18 \/ 26<\/td>\n<td align=\"left\">9,42<\/td>\n<\/tr>\n<tr>\n<td align=\"left\">45V26<\/td>\n<td align=\"left\">\u00d8 2.4 mm<\/td>\n<td align=\"left\">WP-17 \/ 18 \/ 26<\/td>\n<td align=\"left\">9,42<\/td>\n<\/tr>\n<tr>\n<td align=\"left\">45V27<\/td>\n<td align=\"left\">\u00d8 3.2 mm<\/td>\n<td align=\"left\">WP-17 \/ 18 \/ 26<\/td>\n<td align=\"left\">9,42<\/td>\n<\/tr>\n<tr>\n<td align=\"left\">45V28<\/td>\n<td align=\"left\">\u00d8 4.0 mm<\/td>\n<td align=\"left\">WP-17 \/ 18 \/ 26<\/td>\n<td align=\"left\">9,42<\/td>\n<\/tr>\n<tr>\n<td align=\"left\">45V42<\/td>\n<td align=\"left\">\u00d8 1.0 mm<\/td>\n<td align=\"left\">WP-9 \/ 20 \/ 24 \/ 25<\/td>\n<td align=\"left\">5,82<\/td>\n<\/tr>\n<tr>\n<td align=\"left\">45V43<\/td>\n<td align=\"left\">\u00d8 1.6 mm<\/td>\n<td align=\"left\">WP-9 \/ 20 \/ 24 \/ 25<\/td>\n<td align=\"left\">5,82<\/td>\n<\/tr>\n<tr>\n<td align=\"left\">45V44<\/td>\n<td align=\"left\">\u00d8 2.4 mm<\/td>\n<td align=\"left\">WP-9 \/ 20 \/ 24 \/ 25<\/td>\n<td align=\"left\">5,82<\/td>\n<\/tr>\n<tr>\n<td align=\"left\">45V45<\/td>\n<td align=\"left\">\u00d8 3.2 mm<\/td>\n<td align=\"left\">WP-9 \/ 20 \/ 24 \/ 25<\/td>\n<td align=\"left\">5,82<\/td>\n<\/tr>\n<tr>\n<td align=\"left\"><\/td>\n<td align=\"left\"><\/td>\n<td align=\"left\"><\/td>\n<td align=\"left\"><\/td>\n<\/tr>\n<\/tbody>\n<\/table>\n","protected":false},"excerpt":{"rendered":"<p>Lentes gaseosos Ferrolan para antorchas TIG. Dise\u00f1ados para optimizar el flujo del gas protector y mejorar la calidad del cord\u00f3n de soldadura. Compatibles con diversos modelos de antorchas WP y disponibles en varios di\u00e1metros.<\/p>\n","protected":false},"featured_media":11176,"template":"","meta":{"_joinchat":[]},"product_cat":[1561],"product_tag":[],"class_list":{"0":"post-11177","1":"product","2":"type-product","3":"status-publish","4":"has-post-thumbnail","6":"product_cat-torchas-todo-para-soldadura","8":"first","9":"instock","10":"taxable","11":"shipping-taxable","12":"product-type-simple"},"_links":{"self":[{"href":"https:\/\/lidertecsa.com.ar\/catalogo\/wp-json\/wp\/v2\/product\/11177"}],"collection":[{"href":"https:\/\/lidertecsa.com.ar\/catalogo\/wp-json\/wp\/v2\/product"}],"about":[{"href":"https:\/\/lidertecsa.com.ar\/catalogo\/wp-json\/wp\/v2\/types\/product"}],"wp:featuredmedia":[{"embeddable":true,"href":"https:\/\/lidertecsa.com.ar\/catalogo\/wp-json\/wp\/v2\/media\/11176"}],"wp:attachment":[{"href":"https:\/\/lidertecsa.com.ar\/catalogo\/wp-json\/wp\/v2\/media?parent=11177"}],"wp:term":[{"taxonomy":"product_cat","embeddable":true,"href":"https:\/\/lidertecsa.com.ar\/catalogo\/wp-json\/wp\/v2\/product_cat?post=11177"},{"taxonomy":"product_tag","embeddable":true,"href":"https:\/\/lidertecsa.com.ar\/catalogo\/wp-json\/wp\/v2\/product_tag?post=11177"}],"curies":[{"name":"wp","href":"https:\/\/api.w.org\/{rel}","templated":true}]}}