{"id":11173,"date":"2025-11-12T09:23:44","date_gmt":"2025-11-12T12:23:44","guid":{"rendered":"https:\/\/lidertecsa.com.ar\/catalogo\/?post_type=product&#038;p=11173"},"modified":"2025-11-12T11:30:03","modified_gmt":"2025-11-12T14:30:03","slug":"difusores-tig-ferrolan","status":"publish","type":"product","link":"https:\/\/lidertecsa.com.ar\/catalogo\/producto\/difusores-tig-ferrolan\/","title":{"rendered":"Difusores TIG Ferrolan"},"content":{"rendered":"<table>\n<thead>\n<tr>\n<th align=\"left\">C\u00f3digo<\/th>\n<th align=\"left\">Di\u00e1metro<\/th>\n<th align=\"left\">Compatible con antorcha WP<\/th>\n<th align=\"left\">Precio en USD<\/th>\n<\/tr>\n<\/thead>\n<tbody>\n<tr>\n<td align=\"left\">10N27-M<\/td>\n<td align=\"left\">\u00d8 2.0 mm<\/td>\n<td align=\"left\">WP-17 \/ 18 \/ 26<\/td>\n<td align=\"left\">2,22<\/td>\n<\/tr>\n<tr>\n<td align=\"left\">10N28-M<\/td>\n<td align=\"left\">\u00d8 3.2 mm<\/td>\n<td align=\"left\">WP-17 \/ 18 \/ 26<\/td>\n<td align=\"left\">2,22<\/td>\n<\/tr>\n<tr>\n<td align=\"left\">10N30-M<\/td>\n<td align=\"left\">\u00d8 1.0 mm<\/td>\n<td align=\"left\">WP-17 \/ 18 \/ 26<\/td>\n<td align=\"left\">2,22<\/td>\n<\/tr>\n<tr>\n<td align=\"left\">10N31-M<\/td>\n<td align=\"left\">\u00d8 1.6 mm<\/td>\n<td align=\"left\">WP-17 \/ 18 \/ 26<\/td>\n<td align=\"left\">2,22<\/td>\n<\/tr>\n<tr>\n<td align=\"left\">10N32-M<\/td>\n<td align=\"left\">\u00d8 2.4 mm<\/td>\n<td align=\"left\">WP-17 \/ 18 \/ 26<\/td>\n<td align=\"left\">2,22<\/td>\n<\/tr>\n<tr>\n<td align=\"left\">11WP65-M<\/td>\n<td align=\"left\">\u00d8 todos<\/td>\n<td align=\"left\">WP-12<\/td>\n<td align=\"left\">6,40<\/td>\n<\/tr>\n<tr>\n<td align=\"left\">13N26-M<\/td>\n<td align=\"left\">\u00d8 1.0 mm<\/td>\n<td align=\"left\">WP-9 \/ 20 \/ 25<\/td>\n<td align=\"left\">1,18<\/td>\n<\/tr>\n<tr>\n<td align=\"left\">13N27-M<\/td>\n<td align=\"left\">\u00d8 1.6 mm<\/td>\n<td align=\"left\">WP-9 \/ 20 \/ 25<\/td>\n<td align=\"left\">1,18<\/td>\n<\/tr>\n<tr>\n<td align=\"left\">13N28-M<\/td>\n<td align=\"left\">\u00d8 2.4 mm<\/td>\n<td align=\"left\">WP-9 \/ 20 \/ 25<\/td>\n<td align=\"left\">1,18<\/td>\n<\/tr>\n<tr>\n<td align=\"left\">24CB332-M<\/td>\n<td align=\"left\">\u00d8 2.4 mm<\/td>\n<td align=\"left\">WP-24<\/td>\n<td align=\"left\">4,18<\/td>\n<\/tr>\n<tr>\n<td align=\"left\">406488-M<\/td>\n<td align=\"left\">\u00d8 4.0 mm<\/td>\n<td align=\"left\">WP-17 \/ 18 \/ 26<\/td>\n<td align=\"left\">2,22<\/td>\n<\/tr>\n<tr>\n<td align=\"left\">53N19-M<\/td>\n<td align=\"left\">\u00d8 1.6 mm<\/td>\n<td align=\"left\">WP-24<\/td>\n<td align=\"left\">4,18<\/td>\n<\/tr>\n<\/tbody>\n<\/table>\n","protected":false},"excerpt":{"rendered":"<p>Difusores para soldadura TIG Ferrolan. Fabricados con materiales de alta resistencia, aseguran una correcta distribuci\u00f3n del gas y un rendimiento \u00f3ptimo del electrodo. Disponibles en distintos di\u00e1metros y modelos compatibles con las antorchas WP m\u00e1s utilizadas.<\/p>\n","protected":false},"featured_media":11174,"template":"","meta":{"_joinchat":[]},"product_cat":[1561],"product_tag":[],"class_list":{"0":"post-11173","1":"product","2":"type-product","3":"status-publish","4":"has-post-thumbnail","6":"product_cat-torchas-todo-para-soldadura","8":"first","9":"instock","10":"taxable","11":"shipping-taxable","12":"product-type-simple"},"_links":{"self":[{"href":"https:\/\/lidertecsa.com.ar\/catalogo\/wp-json\/wp\/v2\/product\/11173"}],"collection":[{"href":"https:\/\/lidertecsa.com.ar\/catalogo\/wp-json\/wp\/v2\/product"}],"about":[{"href":"https:\/\/lidertecsa.com.ar\/catalogo\/wp-json\/wp\/v2\/types\/product"}],"wp:featuredmedia":[{"embeddable":true,"href":"https:\/\/lidertecsa.com.ar\/catalogo\/wp-json\/wp\/v2\/media\/11174"}],"wp:attachment":[{"href":"https:\/\/lidertecsa.com.ar\/catalogo\/wp-json\/wp\/v2\/media?parent=11173"}],"wp:term":[{"taxonomy":"product_cat","embeddable":true,"href":"https:\/\/lidertecsa.com.ar\/catalogo\/wp-json\/wp\/v2\/product_cat?post=11173"},{"taxonomy":"product_tag","embeddable":true,"href":"https:\/\/lidertecsa.com.ar\/catalogo\/wp-json\/wp\/v2\/product_tag?post=11173"}],"curies":[{"name":"wp","href":"https:\/\/api.w.org\/{rel}","templated":true}]}}