{"id":10978,"date":"2025-10-23T09:42:53","date_gmt":"2025-10-23T12:42:53","guid":{"rendered":"https:\/\/lidertecsa.com.ar\/catalogo\/?post_type=product&#038;p=10978"},"modified":"2025-10-23T11:22:07","modified_gmt":"2025-10-23T14:22:07","slug":"alambre-para-soldadura-mig","status":"publish","type":"product","link":"https:\/\/lidertecsa.com.ar\/catalogo\/producto\/alambre-para-soldadura-mig\/","title":{"rendered":"Alambre para soldadura MIG"},"content":{"rendered":"<p>Alambre cobreado para soldadura MIG con carretel, RMB en caja.<\/p>\n<p>El alambre MIG 70S-6 es un alambre s\u00f3lido de acero al carbono para soldadura de alta calidad, con un alto contenido de desoxidantes (silicio y manganeso) que permiten soldar sobre superficies sucias u oxidadas con un m\u00ednimo de salpicaduras y escoria. Sus principales caracter\u00edsticas incluyen una resistencia a la tracci\u00f3n de aproximadamente \\(70,000\\) psi (\\(480\\) MPa), excelente soldabilidad y un cord\u00f3n de soldadura liso y de alta calidad. Se usa com\u00fanmente con gases de protecci\u00f3n como \\(CO_{2}\\) o mezclas de arg\u00f3n y es ideal para soldar aceros de baja aleaci\u00f3n, estructuras, tuber\u00edas, recipientes a presi\u00f3n y carrocer\u00edas.<\/p>\n<p>La aleaci\u00f3n ER70S-6 se utiliza com\u00fanmente en la fabricaci\u00f3n de acero dulce. Posee una mayor cantidad de desoxidantes en comparaci\u00f3n con la ER70S, lo que mejora la humectaci\u00f3n y resulta en costuras m\u00e1s planas y una mayor velocidad de avance. Adem\u00e1s, esta aleaci\u00f3n contribuye a extender la vida \u00fatil de la antorcha.<\/p>\n<p><strong data-start=\"442\" data-end=\"473\">Presentaciones disponibles:<\/strong><\/p>\n<ul>\n<li>Carreteles de <strong data-start=\"492\" data-end=\"500\">5 kg<\/strong> en di\u00e1metros de <strong data-start=\"517\" data-end=\"527\">0.8 mm<\/strong> y <strong data-start=\"530\" data-end=\"540\">0.9 mm<\/strong>.<\/li>\n<li>Carreteles de <strong data-start=\"560\" data-end=\"569\">15 kg<\/strong> en di\u00e1metros de <strong data-start=\"585\" data-end=\"595\">1.2 mm<\/strong>,<strong data-start=\"585\" data-end=\"595\"> 0.8 mm <\/strong>y<strong data-start=\"585\" data-end=\"595\"> 0.9 mm<\/strong>.<\/li>\n<li style=\"list-style-type: none\"><\/li>\n<\/ul>\n","protected":false},"excerpt":{"rendered":"<p>Alambre cobreado para soldadura MIG con carretel, RMB en caja.<\/p>\n<p><strong data-start=\"442\" data-end=\"473\">Presentaciones disponibles:<\/strong><\/p>\n<ul>\n<li>Carreteles de <strong data-start=\"492\" data-end=\"500\">5 kg<\/strong> en di\u00e1metros de <strong data-start=\"517\" data-end=\"527\">0.8 mm<\/strong> y <strong data-start=\"530\" data-end=\"540\">0.9 mm<\/strong>.<\/li>\n<li>Carreteles de <strong data-start=\"560\" data-end=\"569\">15 kg<\/strong> en di\u00e1metros de <strong data-start=\"585\" data-end=\"595\">1.2 mm<\/strong>,<strong data-start=\"585\" data-end=\"595\"> 0.8 mm <\/strong>y<strong data-start=\"585\" data-end=\"595\"> 0.9 mm<\/strong>.<\/li>\n<\/ul>\n","protected":false},"featured_media":10979,"template":"","meta":{"_joinchat":[]},"product_cat":[1563],"product_tag":[1555],"class_list":{"0":"post-10978","1":"product","2":"type-product","3":"status-publish","4":"has-post-thumbnail","6":"product_cat-accesorios-todo-para-soldadura","7":"product_tag-r410a","9":"first","10":"instock","11":"taxable","12":"shipping-taxable","13":"product-type-simple"},"_links":{"self":[{"href":"https:\/\/lidertecsa.com.ar\/catalogo\/wp-json\/wp\/v2\/product\/10978"}],"collection":[{"href":"https:\/\/lidertecsa.com.ar\/catalogo\/wp-json\/wp\/v2\/product"}],"about":[{"href":"https:\/\/lidertecsa.com.ar\/catalogo\/wp-json\/wp\/v2\/types\/product"}],"wp:featuredmedia":[{"embeddable":true,"href":"https:\/\/lidertecsa.com.ar\/catalogo\/wp-json\/wp\/v2\/media\/10979"}],"wp:attachment":[{"href":"https:\/\/lidertecsa.com.ar\/catalogo\/wp-json\/wp\/v2\/media?parent=10978"}],"wp:term":[{"taxonomy":"product_cat","embeddable":true,"href":"https:\/\/lidertecsa.com.ar\/catalogo\/wp-json\/wp\/v2\/product_cat?post=10978"},{"taxonomy":"product_tag","embeddable":true,"href":"https:\/\/lidertecsa.com.ar\/catalogo\/wp-json\/wp\/v2\/product_tag?post=10978"}],"curies":[{"name":"wp","href":"https:\/\/api.w.org\/{rel}","templated":true}]}}