{"id":10809,"date":"2025-10-06T18:33:14","date_gmt":"2025-10-06T21:33:14","guid":{"rendered":"https:\/\/lidertecsa.com.ar\/catalogo\/?post_type=product&#038;p=10809"},"modified":"2025-10-22T09:30:20","modified_gmt":"2025-10-22T12:30:20","slug":"gas-yh12-plus-lata-x-0425-kg","status":"publish","type":"product","link":"https:\/\/lidertecsa.com.ar\/catalogo\/producto\/gas-yh12-plus-lata-x-0425-kg\/","title":{"rendered":"GAS YH12 PLUS &#8211; Lata x 0,425 Kg."},"content":{"rendered":"<p>Caracter\u00edsticas:<br \/>\n\u2022 El YH2 es una mezcla azeotr\u00f3pica formado por una mezcla ternaria de R152a, R-142b y R-22, que sustituye<br \/>\nal R-12, sin efectos frente al ozono. Es compatible con el aceite mineral de la instalaci\u00f3n en la mayor\u00eda de los casos,<br \/>\npor lo que es un sustituto directo del R-12. La composici\u00f3n del YH12 ha sido formulada espec\u00edficamente para ser<br \/>\nempleado en equipos de R-12, sin ninguna modificaci\u00f3n del mismo, ya que sus presiones de trabajo y<br \/>\nrendimientos son similares a los del R-12.<br \/>\n\u2022 El YH12 debe transferirse siempre en fase l\u00edquida. En caso de fuga parcial, el sistema puede ser rellenado con<br \/>\nYH12 sin afectar de modo significativo las prestaciones del mismo.<br \/>\n\u2022 No es inflamable.<br \/>\n\u2022 Clasificaci\u00f3n de seguridad: A1 grupo L1<\/p>\n<p>Aplicaciones:<\/p>\n<p>\u2022 Sistema de Aire Acondicionado automotor.<br \/>\n\u2022 Refrigeraci\u00f3n Comercial.<br \/>\n\u2022 Refrigeraci\u00f3n Familiar.<\/p>\n<p>Lubricante:<\/p>\n<p>\u2022 AM &#8211; Aceite mineral<\/p>\n<p>Beneficios:<\/p>\n<p>\u2022 Sustituto directo del R-12.<br \/>\n\u2022 No requiere hacer vac\u00edo al equipo, puede mezclarse R-12.<br \/>\n\u2022 No es necesario cambiar el tipo de aceite en la mayor\u00eda de los casos, ya que es compatible con AM.<br \/>\n\u2022 Permite continuar utilizando el equipo existente.<br \/>\n\u2022 Producido con el prop\u00f3sito de proteger el medio ambiente.<\/p>\n","protected":false},"excerpt":{"rendered":"<p>Caracter\u00edsticas: \u2022 El YH2 es una mezcla azeotr\u00f3pica formado por una mezcla ternaria de R152a, R-142b y R-22, que sustituye al R-12, sin efectos frente al ozono. Es compatible con el aceite mineral de la instalaci\u00f3n en la mayor\u00eda de los casos, por lo que es un sustituto directo del R-12. La composici\u00f3n del YH12 [&hellip;]<\/p>\n","protected":false},"featured_media":10811,"template":"","meta":{"_joinchat":[]},"product_cat":[1550],"product_tag":[1558],"class_list":{"0":"post-10809","1":"product","2":"type-product","3":"status-publish","4":"has-post-thumbnail","6":"product_cat-freon","7":"product_tag-gas-hy12-plus","9":"first","10":"instock","11":"taxable","12":"shipping-taxable","13":"purchasable","14":"product-type-simple"},"_links":{"self":[{"href":"https:\/\/lidertecsa.com.ar\/catalogo\/wp-json\/wp\/v2\/product\/10809"}],"collection":[{"href":"https:\/\/lidertecsa.com.ar\/catalogo\/wp-json\/wp\/v2\/product"}],"about":[{"href":"https:\/\/lidertecsa.com.ar\/catalogo\/wp-json\/wp\/v2\/types\/product"}],"wp:featuredmedia":[{"embeddable":true,"href":"https:\/\/lidertecsa.com.ar\/catalogo\/wp-json\/wp\/v2\/media\/10811"}],"wp:attachment":[{"href":"https:\/\/lidertecsa.com.ar\/catalogo\/wp-json\/wp\/v2\/media?parent=10809"}],"wp:term":[{"taxonomy":"product_cat","embeddable":true,"href":"https:\/\/lidertecsa.com.ar\/catalogo\/wp-json\/wp\/v2\/product_cat?post=10809"},{"taxonomy":"product_tag","embeddable":true,"href":"https:\/\/lidertecsa.com.ar\/catalogo\/wp-json\/wp\/v2\/product_tag?post=10809"}],"curies":[{"name":"wp","href":"https:\/\/api.w.org\/{rel}","templated":true}]}}