{"id":10807,"date":"2025-10-06T18:18:42","date_gmt":"2025-10-06T21:18:42","guid":{"rendered":"https:\/\/lidertecsa.com.ar\/catalogo\/?post_type=product&#038;p=10807"},"modified":"2025-10-22T09:31:29","modified_gmt":"2025-10-22T12:31:29","slug":"gas-r600a-lata-x-0225-kg","status":"publish","type":"product","link":"https:\/\/lidertecsa.com.ar\/catalogo\/producto\/gas-r600a-lata-x-0225-kg\/","title":{"rendered":"GAS R600a &#8211; Lata x 0,225 Kg."},"content":{"rendered":"<p>GAS REFRIGERANTE ANTON R600A 225G<\/p>\n<p>PROPIEDADES F\u00cdSICAS:<\/p>\n<p>-Peso molecular: 58,1 (g\/mol)<br \/>\n-Temperatura de ebullici\u00f3n: -11,7\u00b0C<br \/>\n-Temperatura cr\u00edtica: 135 (\u00b0C)<br \/>\n-Presi\u00f3n cr\u00edtica: 36,45 (bar abs)<br \/>\n-Glide de temperatura: 0\u00b0C<br \/>\n-Calor latente a 25\u00b0C: 332 (Kj\/Kg K)<\/p>\n<p>CARACTERISTICAS Y APLICACI\u00d3N<\/p>\n<p>El isobutano o R600a, es un hidrocarburo que se utiliza en algunos equipos de refrigeraci\u00f3n, como neveras dom\u00e9sticas o peque\u00f1os aparatos de fr\u00edo comercial. El R600a tiene una capacidad volum\u00e9trica inferior en un 50% al R12 o al R134a, por lo que no se puede considerar un sustituto de \u00e9stos.<br \/>\nEs muy importante cuando se trabaja con refrigerantes del tipo hidrocarburos que estos sean de alta pureza, ya que cualquier proporci\u00f3n con otras impurezas, como sulfuros, agua, etc, pueden contribuir a la degradaci\u00f3n de los aceites lubricantes de la instalaci\u00f3n, rotura de compresores, etc. Tambi\u00e9n ocurre a veces, que si el hidrocarburo no es de alta pureza, pueden ir mezclados con \u00e9l otros hidrocarburos, pudiendo variar dr\u00e1sticamente las propiedades f\u00edsicas y termodin\u00e1micas del hidrocarburo original.<br \/>\nEl isobutano que se utiliza en aplicaciones de refrigeraci\u00f3n, no est\u00e1 olorizado como los de uso dom\u00e9stico (el hidrocarburo dom\u00e9stico se oloriza para que sea r\u00e1pidamente detectable en el caso de fuga), no siendo f\u00e1cilmente detectable en caso de fugas.<\/p>\n","protected":false},"excerpt":{"rendered":"<p>GAS REFRIGERANTE ANTON R600A 225G<\/p>\n<p>PROPIEDADES F\u00cdSICAS:<\/p>\n<p>-Peso molecular: 58,1 (g\/mol)<br \/>\n-Temperatura de ebullici\u00f3n: -11,7\u00b0C<br \/>\n-Temperatura cr\u00edtica: 135 (\u00b0C)<br \/>\n-Presi\u00f3n cr\u00edtica: 36,45 (bar abs)<br \/>\n-Glide de temperatura: 0\u00b0C<br \/>\n-Calor latente a 25\u00b0C: 332 (Kj\/Kg K)<\/p>\n","protected":false},"featured_media":10808,"template":"","meta":{"_joinchat":[]},"product_cat":[1550],"product_tag":[1557],"class_list":{"0":"post-10807","1":"product","2":"type-product","3":"status-publish","4":"has-post-thumbnail","6":"product_cat-freon","7":"product_tag-gas-r600a","9":"first","10":"instock","11":"taxable","12":"shipping-taxable","13":"purchasable","14":"product-type-simple"},"_links":{"self":[{"href":"https:\/\/lidertecsa.com.ar\/catalogo\/wp-json\/wp\/v2\/product\/10807"}],"collection":[{"href":"https:\/\/lidertecsa.com.ar\/catalogo\/wp-json\/wp\/v2\/product"}],"about":[{"href":"https:\/\/lidertecsa.com.ar\/catalogo\/wp-json\/wp\/v2\/types\/product"}],"wp:featuredmedia":[{"embeddable":true,"href":"https:\/\/lidertecsa.com.ar\/catalogo\/wp-json\/wp\/v2\/media\/10808"}],"wp:attachment":[{"href":"https:\/\/lidertecsa.com.ar\/catalogo\/wp-json\/wp\/v2\/media?parent=10807"}],"wp:term":[{"taxonomy":"product_cat","embeddable":true,"href":"https:\/\/lidertecsa.com.ar\/catalogo\/wp-json\/wp\/v2\/product_cat?post=10807"},{"taxonomy":"product_tag","embeddable":true,"href":"https:\/\/lidertecsa.com.ar\/catalogo\/wp-json\/wp\/v2\/product_tag?post=10807"}],"curies":[{"name":"wp","href":"https:\/\/api.w.org\/{rel}","templated":true}]}}