{"id":10803,"date":"2025-10-06T17:55:52","date_gmt":"2025-10-06T20:55:52","guid":{"rendered":"https:\/\/lidertecsa.com.ar\/catalogo\/?post_type=product&#038;p=10803"},"modified":"2025-10-22T09:33:55","modified_gmt":"2025-10-22T12:33:55","slug":"gas-32-garrafa-x-065-kg","status":"publish","type":"product","link":"https:\/\/lidertecsa.com.ar\/catalogo\/producto\/gas-32-garrafa-x-065-kg\/","title":{"rendered":"GAS R32 &#8211; Lata x 0,65 Kg."},"content":{"rendered":"<p>El gas R32 es un refrigerante utilizado principalmente en sistemas de climatizaci\u00f3n, como aires acondicionados . Es una alternativa moderna y m\u00e1s ecol\u00f3gica a los refrigerantes tradicionales como el R22 y el R410A.<\/p>\n<p>Uso del gas R32:<br \/>\nAire acondicionado: Se utiliza ampliamente en sistemas de aire acondicionado dom\u00e9sticos y comerciales debido a su eficiencia energ\u00e9tica y menor impacto ambiental.<\/p>\n<p>CARACTERISTICAS:<\/p>\n<p>ES INFLAMABLE: SI<\/p>\n<p>MARCA ANTON<br \/>\nCONTENIDO 0,65 Kg<br \/>\nPRESENTACION LATA<\/p>\n","protected":false},"excerpt":{"rendered":"<p>El gas R32 es un refrigerante utilizado principalmente en sistemas de climatizaci\u00f3n, como aires acondicionados . Es una alternativa moderna y m\u00e1s ecol\u00f3gica a los refrigerantes tradicionales como el R22 y el R410A.<\/p>\n<p>&nbsp;<\/p>\n","protected":false},"featured_media":10804,"template":"","meta":{"_joinchat":[]},"product_cat":[1550],"product_tag":[1556],"class_list":{"0":"post-10803","1":"product","2":"type-product","3":"status-publish","4":"has-post-thumbnail","6":"product_cat-freon","7":"product_tag-gas-r32","9":"first","10":"instock","11":"taxable","12":"shipping-taxable","13":"purchasable","14":"product-type-simple"},"_links":{"self":[{"href":"https:\/\/lidertecsa.com.ar\/catalogo\/wp-json\/wp\/v2\/product\/10803"}],"collection":[{"href":"https:\/\/lidertecsa.com.ar\/catalogo\/wp-json\/wp\/v2\/product"}],"about":[{"href":"https:\/\/lidertecsa.com.ar\/catalogo\/wp-json\/wp\/v2\/types\/product"}],"wp:featuredmedia":[{"embeddable":true,"href":"https:\/\/lidertecsa.com.ar\/catalogo\/wp-json\/wp\/v2\/media\/10804"}],"wp:attachment":[{"href":"https:\/\/lidertecsa.com.ar\/catalogo\/wp-json\/wp\/v2\/media?parent=10803"}],"wp:term":[{"taxonomy":"product_cat","embeddable":true,"href":"https:\/\/lidertecsa.com.ar\/catalogo\/wp-json\/wp\/v2\/product_cat?post=10803"},{"taxonomy":"product_tag","embeddable":true,"href":"https:\/\/lidertecsa.com.ar\/catalogo\/wp-json\/wp\/v2\/product_tag?post=10803"}],"curies":[{"name":"wp","href":"https:\/\/api.w.org\/{rel}","templated":true}]}}