{"id":10791,"date":"2025-10-05T09:20:51","date_gmt":"2025-10-05T12:20:51","guid":{"rendered":"https:\/\/lidertecsa.com.ar\/catalogo\/?post_type=product&#038;p=10791"},"modified":"2025-10-22T09:38:10","modified_gmt":"2025-10-22T12:38:10","slug":"gas-410a-garrafa-x-068-kg","status":"publish","type":"product","link":"https:\/\/lidertecsa.com.ar\/catalogo\/producto\/gas-410a-garrafa-x-068-kg\/","title":{"rendered":"GAS R410A &#8211; Garrafa x 0,68 Kg."},"content":{"rendered":"<p>El Gas Refrigerante R410 Anton AN41 es la opci\u00f3n ideal para mantener tus equipos de refrigeraci\u00f3n en \u00f3ptimas condiciones. Con su marca reconocida en el mercado, Anton garantiza calidad y eficiencia en cada uno de sus productos. Este modelo en particular, el AN41, es inflamable, por lo que se debe tener precauci\u00f3n al manipularlo. Su tipo de gas refrigerante R-410A lo convierte en una excelente opci\u00f3n para sistemas de aire acondicionado y refrigeraci\u00f3n. Con un peso de 0.68 kg, este envase contiene la cantidad necesaria para realizar el mantenimiento de tus equipos. Asegura el correcto funcionamiento de tus sistemas de refrigeraci\u00f3n.<\/p>\n","protected":false},"excerpt":{"rendered":"<p>Este modelo en particular, el AN41, es inflamable, por lo que se debe tener precauci\u00f3n al manipularlo. Su tipo de gas refrigerante R-410A lo convierte en una excelente opci\u00f3n para sistemas de aire<\/p>\n","protected":false},"featured_media":10792,"template":"","meta":{"_joinchat":[]},"product_cat":[1550],"product_tag":[1555],"class_list":{"0":"post-10791","1":"product","2":"type-product","3":"status-publish","4":"has-post-thumbnail","6":"product_cat-freon","7":"product_tag-r410a","9":"first","10":"instock","11":"taxable","12":"shipping-taxable","13":"purchasable","14":"product-type-simple"},"_links":{"self":[{"href":"https:\/\/lidertecsa.com.ar\/catalogo\/wp-json\/wp\/v2\/product\/10791"}],"collection":[{"href":"https:\/\/lidertecsa.com.ar\/catalogo\/wp-json\/wp\/v2\/product"}],"about":[{"href":"https:\/\/lidertecsa.com.ar\/catalogo\/wp-json\/wp\/v2\/types\/product"}],"wp:featuredmedia":[{"embeddable":true,"href":"https:\/\/lidertecsa.com.ar\/catalogo\/wp-json\/wp\/v2\/media\/10792"}],"wp:attachment":[{"href":"https:\/\/lidertecsa.com.ar\/catalogo\/wp-json\/wp\/v2\/media?parent=10791"}],"wp:term":[{"taxonomy":"product_cat","embeddable":true,"href":"https:\/\/lidertecsa.com.ar\/catalogo\/wp-json\/wp\/v2\/product_cat?post=10791"},{"taxonomy":"product_tag","embeddable":true,"href":"https:\/\/lidertecsa.com.ar\/catalogo\/wp-json\/wp\/v2\/product_tag?post=10791"}],"curies":[{"name":"wp","href":"https:\/\/api.w.org\/{rel}","templated":true}]}}