{"id":10727,"date":"2025-10-02T16:33:54","date_gmt":"2025-10-02T19:33:54","guid":{"rendered":"https:\/\/lidertecsa.com.ar\/catalogo\/?post_type=product&#038;p=10727"},"modified":"2025-10-22T09:56:48","modified_gmt":"2025-10-22T12:56:48","slug":"freon-r22-garrafa-x-1-kg","status":"publish","type":"product","link":"https:\/\/lidertecsa.com.ar\/catalogo\/producto\/freon-r22-garrafa-x-1-kg\/","title":{"rendered":"GAS AN22 &#8211; Garrafa x 11,3 Kg."},"content":{"rendered":"<h2 class=\"ui-pdp-description__title\" data-testid=\"title\"><em><strong>GAS REFRIGERANTE ANTON AN22 PLUS 11,3 Kg.<\/strong><\/em><\/h2>\n<p>REEMPLAZO DIRECTO DEL R22<\/p>\n<p>CARACTER\u00cdSTICAS:<\/p>\n<p>\u2022 El AN22 PLUS es una mezcla ternaria formada por R125, R134a y R600A, que ha sido desarrollado para reemplazar al R22 en todas sus aplicaciones, tanto en alta como en baja temperatura. Es compatible con el aceite mineral, por lo que se le considera sustituto directo del R22. Su deslizamiento de temperatura es muy reducido, esto hace que no se descompense cuando se produce una fuga.<\/p>\n<p>\u2022 El AN22 PLUS es muy similar al R22 en presiones, rendimientos y comportamiento. En principio no hay ning\u00fan problema en mezclar R22 con AN22 PLUS en cualquier proporci\u00f3n, ya que el AN22 PLUS es una mezcla con R134a, R125 y R600A, que mezclado con R22 formar\u00e1 otra nueva mezcla perfectamente estable; pero es muy importante tener en cuenta el siguiente aspecto: el nuevo producto que se forma con esta mezcla, tendr\u00e1 unos par\u00e1metros de trabajo diferentes al del R22 y del propio AN22 PLUS (presiones, temperaturas, entalp\u00edas, etc). Es el \u00fanico punto que se ha de tener en cuenta, a la hora de tener que tomar la decisi\u00f3n<br \/>\nde mezclar o no el producto con R22.<\/p>\n<p>\u2022 El AN22 PLUS no es inflamable, no es t\u00f3xico y no da\u00f1a la capa de ozono.<\/p>\n<p>\u2022 Clasificaci\u00f3n de seguridad: A1 grupo L1.<\/p>\n","protected":false},"excerpt":{"rendered":"<p><em><strong>GAS REFRIGERANTE ANTON AN22 PLUS 11,3 Kg.<\/strong><\/em><\/p>\n<p>REEMPLAZO DIRECTO DEL R22<\/p>\n<p>CARACTER\u00cdSTICAS:<\/p>\n<p>\u2022 El AN22 PLUS es una mezcla ternaria formada por R125, R134a y R600A, que ha sido desarrollado para reemplazar al R22 en todas sus aplicaciones, tanto en alta como en baja temperatura. Es compatible con el aceite mineral, por lo que se le considera sustituto directo del R22. Su deslizamiento de temperatura es muy reducido, esto hace que no se descompense cuando se produce una fuga.<\/p>\n","protected":false},"featured_media":10815,"template":"","meta":{"_joinchat":[]},"product_cat":[1550],"product_tag":[1553],"class_list":{"0":"post-10727","1":"product","2":"type-product","3":"status-publish","4":"has-post-thumbnail","6":"product_cat-freon","7":"product_tag-gas-an22","9":"first","10":"instock","11":"taxable","12":"shipping-taxable","13":"purchasable","14":"product-type-simple"},"_links":{"self":[{"href":"https:\/\/lidertecsa.com.ar\/catalogo\/wp-json\/wp\/v2\/product\/10727"}],"collection":[{"href":"https:\/\/lidertecsa.com.ar\/catalogo\/wp-json\/wp\/v2\/product"}],"about":[{"href":"https:\/\/lidertecsa.com.ar\/catalogo\/wp-json\/wp\/v2\/types\/product"}],"wp:featuredmedia":[{"embeddable":true,"href":"https:\/\/lidertecsa.com.ar\/catalogo\/wp-json\/wp\/v2\/media\/10815"}],"wp:attachment":[{"href":"https:\/\/lidertecsa.com.ar\/catalogo\/wp-json\/wp\/v2\/media?parent=10727"}],"wp:term":[{"taxonomy":"product_cat","embeddable":true,"href":"https:\/\/lidertecsa.com.ar\/catalogo\/wp-json\/wp\/v2\/product_cat?post=10727"},{"taxonomy":"product_tag","embeddable":true,"href":"https:\/\/lidertecsa.com.ar\/catalogo\/wp-json\/wp\/v2\/product_tag?post=10727"}],"curies":[{"name":"wp","href":"https:\/\/api.w.org\/{rel}","templated":true}]}}